{"id":1058,"date":"2025-11-24T12:28:12","date_gmt":"2025-11-24T18:28:12","guid":{"rendered":"https:\/\/proyectos.cactusdigital.mx\/abac\/?page_id=1058"},"modified":"2026-01-22T10:30:38","modified_gmt":"2026-01-22T16:30:38","slug":"verificador","status":"publish","type":"page","link":"https:\/\/proyectos.cactusdigital.mx\/abac\/verificador\/","title":{"rendered":"Verificador"},"content":{"rendered":"\t\t<div data-elementor-type=\"wp-page\" data-elementor-id=\"1058\" class=\"elementor elementor-1058\" data-elementor-post-type=\"page\">\n\t\t\t\t<div data-particle_enable=\"false\" data-particle-mobile-disabled=\"false\" data-dce-background-overlay-color=\"#FFFFFF\" class=\"elementor-element elementor-element-c4dd4ed e-flex e-con-boxed e-con e-parent\" data-id=\"c4dd4ed\" data-element_type=\"container\">\n\t\t\t\t\t<div class=\"e-con-inner\">\n\t\t<div data-particle_enable=\"false\" data-particle-mobile-disabled=\"false\" class=\"elementor-element elementor-element-97a3364 e-con-full e-flex e-con e-child\" data-id=\"97a3364\" data-element_type=\"container\">\n\t\t\t\t<div class=\"elementor-element elementor-element-2f9114f elementor-widget elementor-widget-dce-breadcrumbs\" data-id=\"2f9114f\" data-element_type=\"widget\" data-widget_type=\"dce-breadcrumbs.default\">\n\t\t\t\t<div class=\"elementor-widget-container\">\n\t\t\t\t\t<ul><li class=\"item-home\"><a class=\"bread-link bread-home\" href=\"https:\/\/proyectos.cactusdigital.mx\/abac\" title=\"Inicio\">Inicio<\/a><\/li><li class=\"separator separator-home\"> <span class=\"dce-separator\">\u2022<\/span> <\/li><li class=\"item-current item-1058\"><span class=\"bread-current bread-1058\"> Verificador<\/span><\/li><\/ul>\t\t\t\t<\/div>\n\t\t\t\t<\/div>\n\t\t<div data-particle_enable=\"false\" data-particle-mobile-disabled=\"false\" class=\"elementor-element elementor-element-92f21a5 e-con-full e-flex e-con e-child\" data-id=\"92f21a5\" data-element_type=\"container\">\n\t\t\t\t<div class=\"elementor-element elementor-element-ae7d3c2 elementor-view-stacked elementor-shape-circle elementor-widget elementor-widget-icon\" data-id=\"ae7d3c2\" data-element_type=\"widget\" data-widget_type=\"icon.default\">\n\t\t\t\t\t\t\t<div class=\"elementor-icon-wrapper\">\n\t\t\t<div class=\"elementor-icon\">\n\t\t\t<svg aria-hidden=\"true\" class=\"e-font-icon-svg e-fas-check\" viewBox=\"0 0 512 512\" xmlns=\"http:\/\/www.w3.org\/2000\/svg\"><path d=\"M173.898 439.404l-166.4-166.4c-9.997-9.997-9.997-26.206 0-36.204l36.203-36.204c9.997-9.998 26.207-9.998 36.204 0L192 312.69 432.095 72.596c9.997-9.997 26.207-9.997 36.204 0l36.203 36.204c9.997 9.997 9.997 26.206 0 36.204l-294.4 294.401c-9.998 9.997-26.207 9.997-36.204-.001z\"><\/path><\/svg>\t\t\t<\/div>\n\t\t<\/div>\n\t\t\t\t\t\t<\/div>\n\t\t\t\t<div data-dce-advanced-background-color=\"#0B5F0B\" class=\"elementor-element elementor-element-74e0d09 elementor-widget elementor-widget-heading\" data-id=\"74e0d09\" data-element_type=\"widget\" data-widget_type=\"heading.default\">\n\t\t\t\t\t<span class=\"elementor-heading-title elementor-size-default\">VALIDA LOS DATOS<\/span>\t\t\t\t<\/div>\n\t\t\t\t<\/div>\n\t\t\t\t<div class=\"elementor-element elementor-element-ca6f262 elementor-widget elementor-widget-heading\" data-id=\"ca6f262\" data-element_type=\"widget\" data-widget_type=\"heading.default\">\n\t\t\t\t\t<h2 class=\"elementor-heading-title elementor-size-default\">Verifica a tu Embajador<\/h2>\t\t\t\t<\/div>\n\t\t\t\t<div class=\"elementor-element elementor-element-15d2b35 elementor-widget elementor-widget-text-editor\" data-id=\"15d2b35\" data-element_type=\"widget\" data-widget_type=\"text-editor.default\">\n\t\t\t\t\t\t\t\t\t<p>\u00bfC\u00f3mo verificar si un voluntario pertenece a <strong>ABAC<\/strong>?<\/p>\t\t\t\t\t\t\t\t<\/div>\n\t\t\t\t<div class=\"elementor-element elementor-element-ab3777a elementor-widget elementor-widget-text-editor\" data-id=\"ab3777a\" data-element_type=\"widget\" data-widget_type=\"text-editor.default\">\n\t\t\t\t\t\t\t\t\t<p>Sigue los pasos para poder validar a tu Embajador.<\/p><p>Esta herramienta te permite validar que la persona forma parte de nuestro programa y asegurar que cada apoyo llegue a quienes realmente lo necesitan.<\/p>\t\t\t\t\t\t\t\t<\/div>\n\t\t<div data-particle_enable=\"false\" data-particle-mobile-disabled=\"false\" class=\"elementor-element elementor-element-ac47fcd e-con-full e-flex e-con e-child\" data-id=\"ac47fcd\" data-element_type=\"container\">\n\t\t<div data-particle_enable=\"false\" data-particle-mobile-disabled=\"false\" class=\"elementor-element elementor-element-b536b93 e-con-full e-flex e-con e-child\" data-id=\"b536b93\" data-element_type=\"container\">\n\t\t\t\t<div class=\"elementor-element elementor-element-af7e5af elementor-widget elementor-widget-eael-content-timeline\" data-id=\"af7e5af\" data-element_type=\"widget\" data-widget_type=\"eael-content-timeline.default\">\n\t\t\t\t\t\t\t<div id=\"eael-content-timeline-af7e5af\" class=\"content-timeline-layout-center date-position- horizontal-timeline-wrapper\" data-slide_to_scroll=\"{&quot;desktop&quot;:1,&quot;mobile&quot;:1,&quot;tablet&quot;:1}\">\n\t\t\t<div class=\"eael-content-timeline-container\">\n\t\t\t\t<div class=\"eael-content-timeline-container\">\n\t\t\t\t\t\t\t\t\t\t\t\t\t\t\t\t\t\t\t\t\t\t\t<div class=\"eael-content-timeline-block\">\n    <div class=\"eael-content-timeline-line\">\n        <div class=\"eael-content-timeline-inner\"><\/div>\n    <\/div>\n    <div class=\"eael-content-timeline-img eael-picture \"><svg class=\"e-font-icon-svg e-fas-circle\" viewBox=\"0 0 512 512\" xmlns=\"http:\/\/www.w3.org\/2000\/svg\"><path d=\"M256 8C119 8 8 119 8 256s111 248 248 248 248-111 248-248S393 8 256 8z\"><\/path><\/svg><\/div><div class=\"eael-content-timeline-content\"><span class=\"eael-date\">PASO 1<br><\/span><h2 class=\"eael-timeline-title\">Revisa su credencial<\/h2><div class=\"eael-timeline-excerpt\"><p>En la parte inferior encontrar\u00e1s su n\u00famero de identificaci\u00f3n ABAC.<\/p><\/div><\/div><\/div>\t\t\t\t\t\t\t\t\t\t\t\t\t\t\t\t\t\t<div class=\"eael-content-timeline-block\">\n    <div class=\"eael-content-timeline-line\">\n        <div class=\"eael-content-timeline-inner\"><\/div>\n    <\/div>\n    <div class=\"eael-content-timeline-img eael-picture \"><svg class=\"e-font-icon-svg e-fas-circle\" viewBox=\"0 0 512 512\" xmlns=\"http:\/\/www.w3.org\/2000\/svg\"><path d=\"M256 8C119 8 8 119 8 256s111 248 248 248 248-111 248-248S393 8 256 8z\"><\/path><\/svg><\/div><div class=\"eael-content-timeline-content\"><span class=\"eael-date\">PASO 2<\/span><h2 class=\"eael-timeline-title\">Ingresa el ID en el buscador<\/h2><div class=\"eael-timeline-excerpt\"><p>Ingresa los primeros 3 d\u00edgitos del ID en el validador.<\/p><\/div><\/div><\/div>\t\t\t\t\t\t\t\t\t\t\t\t\t\t\t\t\t\t<div class=\"eael-content-timeline-block\">\n    <div class=\"eael-content-timeline-line\">\n        <div class=\"eael-content-timeline-inner\"><\/div>\n    <\/div>\n    <div class=\"eael-content-timeline-img eael-picture \"><svg class=\"e-font-icon-svg e-fas-circle\" viewBox=\"0 0 512 512\" xmlns=\"http:\/\/www.w3.org\/2000\/svg\"><path d=\"M256 8C119 8 8 119 8 256s111 248 248 248 248-111 248-248S393 8 256 8z\"><\/path><\/svg><\/div><div class=\"eael-content-timeline-content\"><span class=\"eael-date\">PASO 3<\/span><h2 class=\"eael-timeline-title\">Confirma su identidad<\/h2><div class=\"eael-timeline-excerpt\"><p>Es importante solicitar la INE para corroborar que coincide con el nombre y la foto del voluntario registrado.<\/p><\/div><\/div><\/div>\t\t\t\t\t\t\t\t\t\t\t\t\t\t\t\t\t\t<div class=\"eael-content-timeline-block\">\n    <div class=\"eael-content-timeline-line\">\n        <div class=\"eael-content-timeline-inner\"><\/div>\n    <\/div>\n    <div class=\"eael-content-timeline-img eael-picture \"><svg class=\"e-font-icon-svg e-fas-circle\" viewBox=\"0 0 512 512\" xmlns=\"http:\/\/www.w3.org\/2000\/svg\"><path d=\"M256 8C119 8 8 119 8 256s111 248 248 248 248-111 248-248S393 8 256 8z\"><\/path><\/svg><\/div><div class=\"eael-content-timeline-content\"><span class=\"eael-date\">PASO 4<\/span><h2 class=\"eael-timeline-title\">Consulta su estatus<\/h2><div class=\"eael-timeline-excerpt\"><p>- Nombre completo<br \/>- Comunidad<br \/>- Rol dentro de ABAC<br \/>- Estatus: Activo o Inactivo<\/p><\/div><\/div><\/div>\t\t\t\t<\/div>\n\t\t\t<\/div>\n\t\t<\/div>\n\t\t\t\t\t<\/div>\n\t\t\t\t<\/div>\n\t\t<div data-particle_enable=\"false\" data-particle-mobile-disabled=\"false\" class=\"elementor-element elementor-element-639c9b1 e-con-full e-flex e-con e-child\" data-id=\"639c9b1\" data-element_type=\"container\">\n\t\t\t\t<div class=\"elementor-element elementor-element-73413f0 eael-image-hotspot-align-centered elementor-widget elementor-widget-eael-image-hotspots\" data-id=\"73413f0\" data-element_type=\"widget\" data-widget_type=\"eael-image-hotspots.default\">\n\t\t\t\t\t        <div class=\"eael-image-hotspots\">\n            <div class=\"eael-hot-spot-image\">\n                                    <a class=\"eael-hot-spot-wrap elementor-repeater-item-0416558 eael-hot-spot-tooptip\" data-tipso=\"&lt;span class=&quot;eael-single-tooltip eael-tooltip-73413f0&quot;&gt;&lt;p&gt;ID DEL EMBAJADOR&lt;\/p&gt;&lt;\/span&gt;\" data-tooltip-position-global=\"top\" data-tooltip-size=\"default\" data-tooltip-width=\"\" data-tooltip-animation-speed=\"200\" data-tooltip-animation-delay=\"200\" data-eael-tooltip-arrow=\"yes\" aria-label=\"ID DEL EMBAJADOR\">\n                        <span class=\"eael-hot-spot-inner hotspot-animation\">\n                            <span class=\"eael-hotspot-icon-wrap\"><svg class=\"eael-hotspot-icon eael-hotspot-tooltip e-font-icon-svg e-fas-long-arrow-alt-right\" viewBox=\"0 0 448 512\" xmlns=\"http:\/\/www.w3.org\/2000\/svg\"><path d=\"M313.941 216H12c-6.627 0-12 5.373-12 12v56c0 6.627 5.373 12 12 12h301.941v46.059c0 21.382 25.851 32.09 40.971 16.971l86.059-86.059c9.373-9.373 9.373-24.569 0-33.941l-86.059-86.059c-15.119-15.119-40.971-4.411-40.971 16.971V216z\"><\/path><\/svg><\/span>                        <\/span>\n                    <\/a>\n                \n                <img width=\"753\" height=\"1280\" src=\"https:\/\/proyectos.cactusdigital.mx\/abac\/wp-content\/uploads\/2025\/12\/credencial.jpeg\" class=\"attachment-full size-full wp-image-1407\" alt=\"\" decoding=\"async\" fetchpriority=\"high\" srcset=\"https:\/\/proyectos.cactusdigital.mx\/abac\/wp-content\/uploads\/2025\/12\/credencial.jpeg 753w, https:\/\/proyectos.cactusdigital.mx\/abac\/wp-content\/uploads\/2025\/12\/credencial-294x500.jpeg 294w, https:\/\/proyectos.cactusdigital.mx\/abac\/wp-content\/uploads\/2025\/12\/credencial-706x1200.jpeg 706w, https:\/\/proyectos.cactusdigital.mx\/abac\/wp-content\/uploads\/2025\/12\/credencial-176x300.jpeg 176w, https:\/\/proyectos.cactusdigital.mx\/abac\/wp-content\/uploads\/2025\/12\/credencial-44x75.jpeg 44w, https:\/\/proyectos.cactusdigital.mx\/abac\/wp-content\/uploads\/2025\/12\/credencial-700x1190.jpeg 700w\" sizes=\"(max-width:767px) 700px, 753px\" \/>            <\/div>\n        <\/div>\n\t\t\t\t<\/div>\n\t\t\t\t<\/div>\n\t\t\t\t<\/div>\n\t\t\t\t<\/div>\n\t\t<div data-particle_enable=\"false\" data-particle-mobile-disabled=\"false\" class=\"elementor-element elementor-element-1a699c3 e-con-full e-flex e-con e-child\" data-id=\"1a699c3\" data-element_type=\"container\">\n\t\t<div data-particle_enable=\"false\" data-particle-mobile-disabled=\"false\" class=\"elementor-element elementor-element-555a2ba e-con-full e-flex e-con e-child\" data-id=\"555a2ba\" data-element_type=\"container\">\n\t\t<div data-particle_enable=\"false\" data-particle-mobile-disabled=\"false\" data-dce-background-color=\"#61CE70\" class=\"elementor-element elementor-element-ee8599e e-con-full e-flex e-con e-child\" data-id=\"ee8599e\" data-element_type=\"container\" data-settings=\"{&quot;background_background&quot;:&quot;gradient&quot;,&quot;motion_fx_motion_fx_mouse&quot;:&quot;yes&quot;,&quot;motion_fx_tilt_effect&quot;:&quot;yes&quot;,&quot;motion_fx_tilt_speed&quot;:{&quot;unit&quot;:&quot;px&quot;,&quot;size&quot;:1,&quot;sizes&quot;:[]}}\">\n\t\t<div data-particle_enable=\"false\" data-particle-mobile-disabled=\"false\" class=\"dce-visibility-event elementor-element elementor-element-9555399 e-con-full e-flex e-con e-child\" data-id=\"9555399\" data-element_type=\"container\" data-settings=\"{&quot;enabled_visibility&quot;:&quot;yes&quot;,&quot;dce_visibility_selected&quot;:&quot;yes&quot;}\">\n\t\t\t\t<div class=\"elementor-element elementor-element-d39b975 elementor-widget elementor-widget-text-editor\" data-id=\"d39b975\" data-element_type=\"widget\" data-widget_type=\"text-editor.default\">\n\t\t\t\t\t\t\t\t\t<p>Ingresa los primeros 3 d\u00edgitos de la matricula del embajador.<\/p>\t\t\t\t\t\t\t\t<\/div>\n\t\t\t\t<div class=\"elementor-element elementor-element-a5d981c elementor-widget__width-initial elementor-button-align-stretch elementor-widget elementor-widget-form\" data-id=\"a5d981c\" data-element_type=\"widget\" data-settings=\"{&quot;step_next_label&quot;:&quot;Siguiente&quot;,&quot;step_previous_label&quot;:&quot;Anterior&quot;,&quot;button_width&quot;:&quot;100&quot;,&quot;step_type&quot;:&quot;number_text&quot;,&quot;step_icon_shape&quot;:&quot;circle&quot;,&quot;label_icon_size&quot;:{&quot;unit&quot;:&quot;px&quot;,&quot;size&quot;:&quot;&quot;,&quot;sizes&quot;:[]},&quot;field_icon_size&quot;:{&quot;unit&quot;:&quot;px&quot;,&quot;size&quot;:&quot;&quot;,&quot;sizes&quot;:[]}}\" data-widget_type=\"form.default\">\n\t\t\t\t\t\t\t<form action=\"https:\/\/hook.us2.make.com\/uch53srxy5ao1qgoex4tjkns35v29jl4\" class=\"elementor-form\" method=\"post\" id=\"Validador\" name=\"Validador\" aria-label=\"Validador\">\n\t\t\t<input type=\"hidden\" name=\"post_id\" value=\"1058\"\/>\n\t\t\t<input type=\"hidden\" name=\"form_id\" value=\"a5d981c\"\/>\n\t\t\t<input type=\"hidden\" name=\"referer_title\" value=\"\" \/>\n\n\t\t\t\n\t\t\t<div class=\"elementor-form-fields-wrapper elementor-labels-above\">\n\t\t\t\t\t\t\t\t<div class=\"elementor-field-type-number elementor-field-group elementor-column elementor-field-group-matricula elementor-col-100 elementor-field-required\">\n\t\t\t\t\t\t\t\t<input type=\"number\" name=\"matricula\" id=\"form-field-matricula\" class=\"elementor-field elementor-size-sm  elementor-field-textual\" placeholder=\"# # #\" required=\"required\" min=\"1\" max=\"999\" >\n\t\t\t\t\t\t<\/div>\n\t\t\t\t\t\t\t\t<div class=\"elementor-field-group elementor-column elementor-field-type-submit elementor-col-100 e-form__buttons\">\n\t\t\t\t\t<button class=\"elementor-button elementor-size-sm\" type=\"submit\">\n\t\t\t\t\t\t<span class=\"elementor-button-content-wrapper\">\n\t\t\t\t\t\t\t\t\t\t\t\t\t\t\t\t\t\t\t\t\t\t<span class=\"elementor-button-text\">Validar<\/span>\n\t\t\t\t\t\t\t\t\t\t\t\t\t<\/span>\n\t\t\t\t\t<\/button>\n\t\t\t\t<\/div>\n\t\t\t<\/div>\n\t\t<\/form>\n\t\t\t\t\t\t<\/div>\n\t\t\t\t<\/div>\n\t\t<!-- dce invisible element 270d3ca --><!-- dce invisible element dcf100e -->\t\t<\/div>\n\t\t\t\t<\/div>\n\t\t\t\t<\/div>\n\t\t<div data-particle_enable=\"false\" data-particle-mobile-disabled=\"false\" data-dce-background-overlay-color=\"#159437\" class=\"elementor-element elementor-element-e8c6626 e-con-full animated-slow e-flex elementor-invisible e-con e-child\" data-id=\"e8c6626\" data-element_type=\"container\" data-settings=\"{&quot;background_background&quot;:&quot;video&quot;,&quot;background_video_link&quot;:&quot;https:\\\/\\\/www.youtube.com\\\/watch?v=1WpdnWkQm-g&quot;,&quot;motion_fx_motion_fx_scrolling&quot;:&quot;yes&quot;,&quot;animation&quot;:&quot;fadeInUp&quot;,&quot;motion_fx_devices&quot;:[&quot;desktop&quot;,&quot;tablet&quot;,&quot;mobile&quot;]}\">\n\t\t<div class=\"elementor-background-video-container elementor-hidden-mobile\" aria-hidden=\"true\">\n\t\t\t\t\t\t\t<div class=\"elementor-background-video-embed\"><\/div>\n\t\t\t\t\t\t<\/div><div data-particle_enable=\"false\" data-particle-mobile-disabled=\"false\" class=\"elementor-element elementor-element-e1922ac e-con-full e-flex e-con e-child\" data-id=\"e1922ac\" data-element_type=\"container\">\n\t\t\t\t<div class=\"elementor-element elementor-element-1990622 elementor-widget elementor-widget-text-editor\" data-id=\"1990622\" data-element_type=\"widget\" data-widget_type=\"text-editor.default\">\n\t\t\t\t\t\t\t\t\t<p>Juntos<br \/>entregando<br \/>ayuda<\/p>\t\t\t\t\t\t\t\t<\/div>\n\t\t\t\t<div class=\"elementor-element elementor-element-2787edb elementor-widget elementor-widget-eael-creative-button\" data-id=\"2787edb\" data-element_type=\"widget\" data-widget_type=\"eael-creative-button.default\">\n\t\t\t\t\t        <div class=\"eael-creative-button-wrapper\">\n\n            <a class=\"eael-creative-button eael-creative-button--ujarak\" href=\"#\" data-text=\"Quiero Ayudar\">\n            \t    \n                <div class=\"creative-button-inner\">\n\n                    \n                    <span class=\"cretive-button-text\">Quiero ser embajador<\/span>\n\n                                            <span class=\"eael-creative-button-icon-right\"><svg aria-hidden=\"true\" class=\"e-font-icon-svg e-fas-chevron-circle-right\" viewBox=\"0 0 512 512\" xmlns=\"http:\/\/www.w3.org\/2000\/svg\"><path d=\"M256 8c137 0 248 111 248 248S393 504 256 504 8 393 8 256 119 8 256 8zm113.9 231L234.4 103.5c-9.4-9.4-24.6-9.4-33.9 0l-17 17c-9.4 9.4-9.4 24.6 0 33.9L285.1 256 183.5 357.6c-9.4 9.4-9.4 24.6 0 33.9l17 17c9.4 9.4 24.6 9.4 33.9 0L369.9 273c9.4-9.4 9.4-24.6 0-34z\"><\/path><\/svg><\/span>                                    <\/div>\n\t                        <\/a>\n        <\/div>\n        \t\t\t\t<\/div>\n\t\t\t\t<\/div>\n\t\t<div data-particle_enable=\"false\" data-particle-mobile-disabled=\"false\" class=\"elementor-element elementor-element-9f12bd4 e-con-full e-flex e-con e-child\" data-id=\"9f12bd4\" data-element_type=\"container\">\n\t\t<div data-particle_enable=\"false\" data-particle-mobile-disabled=\"false\" class=\"elementor-element elementor-element-693e8ba e-con-full e-flex e-con e-child\" data-id=\"693e8ba\" data-element_type=\"container\">\n\t\t\t\t<div data-dce-advanced-background-color=\"#0B5F0BBF\" class=\"elementor-element elementor-element-6ad90d3 elementor-widget__width-initial elementor-widget elementor-widget-counter\" data-id=\"6ad90d3\" data-element_type=\"widget\" data-widget_type=\"counter.default\">\n\t\t\t\t\t\t\t<div class=\"elementor-counter\">\n\t\t\t<p class=\"elementor-counter-title\">ESTADOS<\/p>\t\t\t<div class=\"elementor-counter-number-wrapper\">\n\t\t\t\t<span class=\"elementor-counter-number-prefix\"><\/span>\n\t\t\t\t<span class=\"elementor-counter-number\" data-duration=\"2000\" data-to-value=\"32\" data-from-value=\"0\" data-delimiter=\",\">0<\/span>\n\t\t\t\t<span class=\"elementor-counter-number-suffix\"><\/span>\n\t\t\t<\/div>\n\t\t<\/div>\n\t\t\t\t\t\t<\/div>\n\t\t\t\t<\/div>\n\t\t<div data-particle_enable=\"false\" data-particle-mobile-disabled=\"false\" class=\"elementor-element elementor-element-e376fdc e-con-full e-flex e-con e-child\" data-id=\"e376fdc\" data-element_type=\"container\">\n\t\t<div data-particle_enable=\"false\" data-particle-mobile-disabled=\"false\" class=\"elementor-element elementor-element-94b8543 e-con-full e-flex e-con e-child\" data-id=\"94b8543\" data-element_type=\"container\">\n\t\t\t\t<div data-dce-advanced-background-color=\"#0B5F0BBF\" class=\"elementor-element elementor-element-4a1b8c7 elementor-widget__width-initial elementor-widget elementor-widget-counter\" data-id=\"4a1b8c7\" data-element_type=\"widget\" data-widget_type=\"counter.default\">\n\t\t\t\t\t\t\t<div class=\"elementor-counter\">\n\t\t\t<p class=\"elementor-counter-title\">COMUNIDADES<\/p>\t\t\t<div class=\"elementor-counter-number-wrapper\">\n\t\t\t\t<span class=\"elementor-counter-number-prefix\"><\/span>\n\t\t\t\t<span class=\"elementor-counter-number\" data-duration=\"2000\" data-to-value=\"250\" data-from-value=\"0\" data-delimiter=\",\">0<\/span>\n\t\t\t\t<span class=\"elementor-counter-number-suffix\"><\/span>\n\t\t\t<\/div>\n\t\t<\/div>\n\t\t\t\t\t\t<\/div>\n\t\t\t\t<\/div>\n\t\t\t\t<\/div>\n\t\t<div data-particle_enable=\"false\" data-particle-mobile-disabled=\"false\" class=\"elementor-element elementor-element-f4f6b85 e-con-full e-flex e-con e-child\" data-id=\"f4f6b85\" data-element_type=\"container\">\n\t\t\t\t<div data-dce-advanced-background-color=\"#0B5F0BBF\" class=\"elementor-element elementor-element-92bd745 elementor-widget__width-initial elementor-widget elementor-widget-counter\" data-id=\"92bd745\" data-element_type=\"widget\" data-widget_type=\"counter.default\">\n\t\t\t\t\t\t\t<div class=\"elementor-counter\">\n\t\t\t<p class=\"elementor-counter-title\">EMBAJADORES<\/p>\t\t\t<div class=\"elementor-counter-number-wrapper\">\n\t\t\t\t<span class=\"elementor-counter-number-prefix\">+ <\/span>\n\t\t\t\t<span class=\"elementor-counter-number\" data-duration=\"2000\" data-to-value=\"550\" data-from-value=\"0\" data-delimiter=\",\">0<\/span>\n\t\t\t\t<span class=\"elementor-counter-number-suffix\"><\/span>\n\t\t\t<\/div>\n\t\t<\/div>\n\t\t\t\t\t\t<\/div>\n\t\t\t\t<\/div>\n\t\t\t\t<\/div>\n\t\t\t\t<\/div>\n\t\t\t\t\t<\/div>\n\t\t\t\t<\/div>\n\t\t\t\t<\/div>\n\t\t","protected":false},"excerpt":{"rendered":"<p>Inicio \u2022 Verificador VALIDA LOS DATOS Verifica a tu Embajador \u00bfC\u00f3mo verificar si un voluntario pertenece a ABAC? Sigue los pasos para poder validar a tu<span class=\"excerpt-hellip\"> [\u2026]<\/span><\/p>\n","protected":false},"author":1,"featured_media":0,"parent":0,"menu_order":0,"comment_status":"closed","ping_status":"closed","template":"","meta":{"footnotes":""},"class_list":["post-1058","page","type-page","status-publish","hentry"],"_links":{"self":[{"href":"https:\/\/proyectos.cactusdigital.mx\/abac\/wp-json\/wp\/v2\/pages\/1058","targetHints":{"allow":["GET"]}}],"collection":[{"href":"https:\/\/proyectos.cactusdigital.mx\/abac\/wp-json\/wp\/v2\/pages"}],"about":[{"href":"https:\/\/proyectos.cactusdigital.mx\/abac\/wp-json\/wp\/v2\/types\/page"}],"author":[{"embeddable":true,"href":"https:\/\/proyectos.cactusdigital.mx\/abac\/wp-json\/wp\/v2\/users\/1"}],"replies":[{"embeddable":true,"href":"https:\/\/proyectos.cactusdigital.mx\/abac\/wp-json\/wp\/v2\/comments?post=1058"}],"version-history":[{"count":60,"href":"https:\/\/proyectos.cactusdigital.mx\/abac\/wp-json\/wp\/v2\/pages\/1058\/revisions"}],"predecessor-version":[{"id":1523,"href":"https:\/\/proyectos.cactusdigital.mx\/abac\/wp-json\/wp\/v2\/pages\/1058\/revisions\/1523"}],"wp:attachment":[{"href":"https:\/\/proyectos.cactusdigital.mx\/abac\/wp-json\/wp\/v2\/media?parent=1058"}],"curies":[{"name":"wp","href":"https:\/\/api.w.org\/{rel}","templated":true}]}}