{"id":259,"date":"2025-09-09T11:30:49","date_gmt":"2025-09-09T17:30:49","guid":{"rendered":"https:\/\/proyectos.cactusdigital.mx\/abac\/?page_id=259"},"modified":"2026-01-22T10:33:05","modified_gmt":"2026-01-22T16:33:05","slug":"nosotros","status":"publish","type":"page","link":"https:\/\/proyectos.cactusdigital.mx\/abac\/nosotros\/","title":{"rendered":"Nosotros"},"content":{"rendered":"\t\t<div data-elementor-type=\"wp-page\" data-elementor-id=\"259\" class=\"elementor elementor-259\" data-elementor-post-type=\"page\">\n\t\t\t\t<div data-particle_enable=\"false\" data-particle-mobile-disabled=\"false\" data-dce-background-overlay-color=\"#FFFFFF\" class=\"elementor-element elementor-element-a0243bf e-flex e-con-boxed e-con e-parent\" data-id=\"a0243bf\" data-element_type=\"container\">\n\t\t\t\t\t<div class=\"e-con-inner\">\n\t\t<div data-particle_enable=\"false\" data-particle-mobile-disabled=\"false\" class=\"elementor-element elementor-element-19dbb8f e-con-full e-flex e-con e-child\" data-id=\"19dbb8f\" data-element_type=\"container\">\n\t\t\t\t<div class=\"elementor-element elementor-element-1ea22f4 elementor-widget elementor-widget-dce-breadcrumbs\" data-id=\"1ea22f4\" data-element_type=\"widget\" data-widget_type=\"dce-breadcrumbs.default\">\n\t\t\t\t<div class=\"elementor-widget-container\">\n\t\t\t\t\t<ul><li class=\"item-home\"><a class=\"bread-link bread-home\" href=\"https:\/\/proyectos.cactusdigital.mx\/abac\" title=\"Inicio\">Inicio<\/a><\/li><li class=\"separator separator-home\"> <span class=\"dce-separator\">\u2022<\/span> <\/li><li class=\"item-current item-259\"><span class=\"bread-current bread-259\"> Nosotros<\/span><\/li><\/ul>\t\t\t\t<\/div>\n\t\t\t\t<\/div>\n\t\t<div data-particle_enable=\"false\" data-particle-mobile-disabled=\"false\" class=\"elementor-element elementor-element-6bcb576 e-con-full e-flex e-con e-child\" data-id=\"6bcb576\" data-element_type=\"container\">\n\t\t\t\t<div class=\"elementor-element elementor-element-dbd4adc elementor-view-stacked elementor-shape-circle elementor-widget elementor-widget-icon\" data-id=\"dbd4adc\" data-element_type=\"widget\" data-widget_type=\"icon.default\">\n\t\t\t\t\t\t\t<div class=\"elementor-icon-wrapper\">\n\t\t\t<div class=\"elementor-icon\">\n\t\t\t<svg aria-hidden=\"true\" class=\"e-font-icon-svg e-fas-hands-helping\" viewBox=\"0 0 640 512\" xmlns=\"http:\/\/www.w3.org\/2000\/svg\"><path d=\"M488 192H336v56c0 39.7-32.3 72-72 72s-72-32.3-72-72V126.4l-64.9 39C107.8 176.9 96 197.8 96 220.2v47.3l-80 46.2C.7 322.5-4.6 342.1 4.3 357.4l80 138.6c8.8 15.3 28.4 20.5 43.7 11.7L231.4 448H368c35.3 0 64-28.7 64-64h16c17.7 0 32-14.3 32-32v-64h8c13.3 0 24-10.7 24-24v-48c0-13.3-10.7-24-24-24zm147.7-37.4L555.7 16C546.9.7 527.3-4.5 512 4.3L408.6 64H306.4c-12 0-23.7 3.4-33.9 9.7L239 94.6c-9.4 5.8-15 16.1-15 27.1V248c0 22.1 17.9 40 40 40s40-17.9 40-40v-88h184c30.9 0 56 25.1 56 56v28.5l80-46.2c15.3-8.9 20.5-28.4 11.7-43.7z\"><\/path><\/svg>\t\t\t<\/div>\n\t\t<\/div>\n\t\t\t\t\t\t<\/div>\n\t\t\t\t<div data-dce-advanced-background-color=\"#0B5F0B\" class=\"elementor-element elementor-element-9dcd3e5 elementor-widget elementor-widget-heading\" data-id=\"9dcd3e5\" data-element_type=\"widget\" data-widget_type=\"heading.default\">\n\t\t\t\t\t<span class=\"elementor-heading-title elementor-size-default\">ACERCA DE NOSOTROS<\/span>\t\t\t\t<\/div>\n\t\t\t\t<\/div>\n\t\t\t\t<div class=\"elementor-element elementor-element-7a4192e elementor-widget elementor-widget-heading\" data-id=\"7a4192e\" data-element_type=\"widget\" data-widget_type=\"heading.default\">\n\t\t\t\t\t<h2 class=\"elementor-heading-title elementor-size-default\">\u00bfQu\u00e9 es ABAC?<\/h2>\t\t\t\t<\/div>\n\t\t\t\t<div class=\"elementor-element elementor-element-d7c16b5 elementor-widget elementor-widget-text-editor\" data-id=\"d7c16b5\" data-element_type=\"widget\" data-widget_type=\"text-editor.default\">\n\t\t\t\t\t\t\t\t\t<p>Brindamos asistencia alimentaria.<\/p>\t\t\t\t\t\t\t\t<\/div>\n\t\t\t\t<div class=\"elementor-element elementor-element-ff32c81 elementor-widget elementor-widget-text-editor\" data-id=\"ff32c81\" data-element_type=\"widget\" data-widget_type=\"text-editor.default\">\n\t\t\t\t\t\t\t\t\t<p>En <strong>ABAC<\/strong>, creemos que el cambio empieza en la comunidad. Por eso, formamos y acompa\u00f1amos a embajadores locales: l\u00edderes que representan, organizan y coordinan la entrega de donaciones en sus comunidades. <br \/><br \/>Ser embajador ABAC significa <strong>convertirte en parte activa de la <\/strong><strong>soluci\u00f3n contra el hambre<\/strong>, ayudando a que los alimentos lleguen de manera <strong>directa, transparente y digna<\/strong> a las familias que m\u00e1s lo necesitan.<\/p>\t\t\t\t\t\t\t\t<\/div>\n\t\t\t\t<\/div>\n\t\t<div data-particle_enable=\"false\" data-particle-mobile-disabled=\"false\" class=\"elementor-element elementor-element-5266483 e-con-full e-flex e-con e-child\" data-id=\"5266483\" data-element_type=\"container\">\n\t\t<div data-particle_enable=\"false\" data-particle-mobile-disabled=\"false\" data-dce-background-color=\"#61CE70\" class=\"elementor-element elementor-element-37567ea e-con-full e-flex e-con e-child\" data-id=\"37567ea\" data-element_type=\"container\" data-settings=\"{&quot;background_background&quot;:&quot;gradient&quot;,&quot;motion_fx_motion_fx_mouse&quot;:&quot;yes&quot;,&quot;motion_fx_tilt_effect&quot;:&quot;yes&quot;,&quot;motion_fx_tilt_speed&quot;:{&quot;unit&quot;:&quot;px&quot;,&quot;size&quot;:1,&quot;sizes&quot;:[]}}\">\n\t\t<div data-particle_enable=\"false\" data-particle-mobile-disabled=\"false\" class=\"elementor-element elementor-element-79223b1 e-con-full e-flex e-con e-child\" data-id=\"79223b1\" data-element_type=\"container\">\n\t\t\t\t<div data-dce-advanced-background-color=\"#FFFFFF\" class=\"elementor-element elementor-element-30867fc elementor-position-left elementor-mobile-position-left elementor-view-default elementor-widget elementor-widget-icon-box\" data-id=\"30867fc\" data-element_type=\"widget\" data-widget_type=\"icon-box.default\">\n\t\t\t\t\t\t\t<div class=\"elementor-icon-box-wrapper\">\n\n\t\t\t\t\t\t<div class=\"elementor-icon-box-icon\">\n\t\t\t\t<span  class=\"elementor-icon\">\n\t\t\t\t<svg aria-hidden=\"true\" class=\"e-font-icon-svg e-fas-handshake\" viewBox=\"0 0 640 512\" xmlns=\"http:\/\/www.w3.org\/2000\/svg\"><path d=\"M434.7 64h-85.9c-8 0-15.7 3-21.6 8.4l-98.3 90c-.1.1-.2.3-.3.4-16.6 15.6-16.3 40.5-2.1 56 12.7 13.9 39.4 17.6 56.1 2.7.1-.1.3-.1.4-.2l79.9-73.2c6.5-5.9 16.7-5.5 22.6 1 6 6.5 5.5 16.6-1 22.6l-26.1 23.9L504 313.8c2.9 2.4 5.5 5 7.9 7.7V128l-54.6-54.6c-5.9-6-14.1-9.4-22.6-9.4zM544 128.2v223.9c0 17.7 14.3 32 32 32h64V128.2h-96zm48 223.9c-8.8 0-16-7.2-16-16s7.2-16 16-16 16 7.2 16 16-7.2 16-16 16zM0 384h64c17.7 0 32-14.3 32-32V128.2H0V384zm48-63.9c8.8 0 16 7.2 16 16s-7.2 16-16 16-16-7.2-16-16c0-8.9 7.2-16 16-16zm435.9 18.6L334.6 217.5l-30 27.5c-29.7 27.1-75.2 24.5-101.7-4.4-26.9-29.4-24.8-74.9 4.4-101.7L289.1 64h-83.8c-8.5 0-16.6 3.4-22.6 9.4L128 128v223.9h18.3l90.5 81.9c27.4 22.3 67.7 18.1 90-9.3l.2-.2 17.9 15.5c15.9 13 39.4 10.5 52.3-5.4l31.4-38.6 5.4 4.4c13.7 11.1 33.9 9.1 45-4.7l9.5-11.7c11.2-13.8 9.1-33.9-4.6-45.1z\"><\/path><\/svg>\t\t\t\t<\/span>\n\t\t\t<\/div>\n\t\t\t\n\t\t\t\t\t\t<div class=\"elementor-icon-box-content\">\n\n\t\t\t\t\t\t\t\t\t<span class=\"elementor-icon-box-title\">\n\t\t\t\t\t\t<span  >\n\t\t\t\t\t\t\tMISI\u00d3N\t\t\t\t\t\t<\/span>\n\t\t\t\t\t<\/span>\n\t\t\t\t\n\t\t\t\t\n\t\t\t<\/div>\n\t\t\t\n\t\t<\/div>\n\t\t\t\t\t\t<\/div>\n\t\t\t\t<\/div>\n\t\t<div data-particle_enable=\"false\" data-particle-mobile-disabled=\"false\" class=\"elementor-element elementor-element-0164813 e-con-full e-flex e-con e-child\" data-id=\"0164813\" data-element_type=\"container\">\n\t\t\t\t<div class=\"elementor-element elementor-element-c5a4525 elementor-widget elementor-widget-text-editor\" data-id=\"c5a4525\" data-element_type=\"widget\" data-widget_type=\"text-editor.default\">\n\t\t\t\t\t\t\t\t\t<p>En ABAC creemos que nadie deber\u00eda pasar hambre.<br data-start=\"867\" data-end=\"870\" \/>Nuestra misi\u00f3n es llevar alimento, esperanza y oportunidades a quienes m\u00e1s lo necesitan, promoviendo la justicia social y fortaleciendo el tejido familiar y comunitario.<br \/><br \/>Cada acci\u00f3n que realizamos busca inspirar amor, dignidad y uni\u00f3n, construyendo un M\u00e9xico donde la solidaridad y la prosperidad sean una realidad compartida.<\/p>\t\t\t\t\t\t\t\t<\/div>\n\t\t\t\t<\/div>\n\t\t\t\t<\/div>\n\t\t<div data-particle_enable=\"false\" data-particle-mobile-disabled=\"false\" class=\"elementor-element elementor-element-f150931 e-con-full e-flex e-con e-child\" data-id=\"f150931\" data-element_type=\"container\">\n\t\t\t\t<div class=\"elementor-element elementor-element-fa4dd82 dce_masking-none elementor-widget elementor-widget-image\" data-id=\"fa4dd82\" data-element_type=\"widget\" data-settings=\"{&quot;motion_fx_motion_fx_scrolling&quot;:&quot;yes&quot;,&quot;motion_fx_rotateZ_effect&quot;:&quot;yes&quot;,&quot;motion_fx_rotateZ_speed&quot;:{&quot;unit&quot;:&quot;px&quot;,&quot;size&quot;:0.1000000000000000055511151231257827021181583404541015625,&quot;sizes&quot;:[]},&quot;motion_fx_scale_effect&quot;:&quot;yes&quot;,&quot;motion_fx_scale_direction&quot;:&quot;in-out&quot;,&quot;motion_fx_scale_speed&quot;:{&quot;unit&quot;:&quot;px&quot;,&quot;size&quot;:0.59999999999999997779553950749686919152736663818359375,&quot;sizes&quot;:[]},&quot;motion_fx_rotateZ_affectedRange&quot;:{&quot;unit&quot;:&quot;%&quot;,&quot;size&quot;:&quot;&quot;,&quot;sizes&quot;:{&quot;start&quot;:0,&quot;end&quot;:100}},&quot;motion_fx_scale_range&quot;:{&quot;unit&quot;:&quot;%&quot;,&quot;size&quot;:&quot;&quot;,&quot;sizes&quot;:{&quot;start&quot;:20,&quot;end&quot;:80}},&quot;motion_fx_devices&quot;:[&quot;desktop&quot;,&quot;tablet&quot;,&quot;mobile&quot;]}\" data-widget_type=\"image.default\">\n\t\t\t\t\t\t\t\t\t\t\t\t\t\t\t<img loading=\"lazy\" decoding=\"async\" width=\"646\" height=\"612\" src=\"https:\/\/proyectos.cactusdigital.mx\/abac\/wp-content\/uploads\/2025\/10\/acercade_1.png\" class=\"attachment-large size-large wp-image-669\" alt=\"\" srcset=\"https:\/\/proyectos.cactusdigital.mx\/abac\/wp-content\/uploads\/2025\/10\/acercade_1.png 646w, https:\/\/proyectos.cactusdigital.mx\/abac\/wp-content\/uploads\/2025\/10\/acercade_1-500x474.png 500w, https:\/\/proyectos.cactusdigital.mx\/abac\/wp-content\/uploads\/2025\/10\/acercade_1-300x284.png 300w, https:\/\/proyectos.cactusdigital.mx\/abac\/wp-content\/uploads\/2025\/10\/acercade_1-79x75.png 79w\" sizes=\"auto, (max-width:767px) 646px, 646px\" \/>\t\t\t\t\t\t\t\t\t\t\t\t\t\t\t<\/div>\n\t\t\t\t<\/div>\n\t\t\t\t<\/div>\n\t\t<div data-particle_enable=\"false\" data-particle-mobile-disabled=\"false\" class=\"elementor-element elementor-element-d388a60 e-con-full e-flex e-con e-child\" data-id=\"d388a60\" data-element_type=\"container\">\n\t\t<div data-particle_enable=\"false\" data-particle-mobile-disabled=\"false\" class=\"elementor-element elementor-element-b135c74 e-con-full e-flex e-con e-child\" data-id=\"b135c74\" data-element_type=\"container\">\n\t\t\t\t<div class=\"elementor-element elementor-element-49655b1 dce_masking-none elementor-widget elementor-widget-image\" data-id=\"49655b1\" data-element_type=\"widget\" data-settings=\"{&quot;motion_fx_motion_fx_scrolling&quot;:&quot;yes&quot;,&quot;motion_fx_rotateZ_effect&quot;:&quot;yes&quot;,&quot;motion_fx_rotateZ_speed&quot;:{&quot;unit&quot;:&quot;px&quot;,&quot;size&quot;:-0.1000000000000000055511151231257827021181583404541015625,&quot;sizes&quot;:[]},&quot;motion_fx_scale_effect&quot;:&quot;yes&quot;,&quot;motion_fx_scale_direction&quot;:&quot;in-out&quot;,&quot;motion_fx_scale_speed&quot;:{&quot;unit&quot;:&quot;px&quot;,&quot;size&quot;:0.59999999999999997779553950749686919152736663818359375,&quot;sizes&quot;:[]},&quot;motion_fx_rotateZ_affectedRange&quot;:{&quot;unit&quot;:&quot;%&quot;,&quot;size&quot;:&quot;&quot;,&quot;sizes&quot;:{&quot;start&quot;:0,&quot;end&quot;:100}},&quot;motion_fx_scale_range&quot;:{&quot;unit&quot;:&quot;%&quot;,&quot;size&quot;:&quot;&quot;,&quot;sizes&quot;:{&quot;start&quot;:20,&quot;end&quot;:80}},&quot;motion_fx_devices&quot;:[&quot;desktop&quot;,&quot;tablet&quot;,&quot;mobile&quot;]}\" data-widget_type=\"image.default\">\n\t\t\t\t\t\t\t\t\t\t\t\t\t\t\t<img loading=\"lazy\" decoding=\"async\" width=\"646\" height=\"612\" src=\"https:\/\/proyectos.cactusdigital.mx\/abac\/wp-content\/uploads\/2025\/10\/adoptame.png\" class=\"attachment-large size-large wp-image-670\" alt=\"\" srcset=\"https:\/\/proyectos.cactusdigital.mx\/abac\/wp-content\/uploads\/2025\/10\/adoptame.png 646w, https:\/\/proyectos.cactusdigital.mx\/abac\/wp-content\/uploads\/2025\/10\/adoptame-500x474.png 500w, https:\/\/proyectos.cactusdigital.mx\/abac\/wp-content\/uploads\/2025\/10\/adoptame-300x284.png 300w, https:\/\/proyectos.cactusdigital.mx\/abac\/wp-content\/uploads\/2025\/10\/adoptame-79x75.png 79w\" sizes=\"auto, (max-width:767px) 646px, 646px\" \/>\t\t\t\t\t\t\t\t\t\t\t\t\t\t\t<\/div>\n\t\t\t\t<\/div>\n\t\t<div data-particle_enable=\"false\" data-particle-mobile-disabled=\"false\" data-dce-background-color=\"#F1F1F1\" class=\"elementor-element elementor-element-36a734f e-con-full e-flex e-con e-child\" data-id=\"36a734f\" data-element_type=\"container\" data-settings=\"{&quot;background_background&quot;:&quot;gradient&quot;,&quot;motion_fx_motion_fx_mouse&quot;:&quot;yes&quot;,&quot;motion_fx_tilt_effect&quot;:&quot;yes&quot;,&quot;motion_fx_tilt_speed&quot;:{&quot;unit&quot;:&quot;px&quot;,&quot;size&quot;:1,&quot;sizes&quot;:[]}}\">\n\t\t<div data-particle_enable=\"false\" data-particle-mobile-disabled=\"false\" class=\"elementor-element elementor-element-5c0c13c e-con-full e-flex e-con e-child\" data-id=\"5c0c13c\" data-element_type=\"container\">\n\t\t\t\t<div data-dce-advanced-background-color=\"#19B619\" class=\"elementor-element elementor-element-dbb34e3 elementor-position-left elementor-mobile-position-left elementor-view-default elementor-widget elementor-widget-icon-box\" data-id=\"dbb34e3\" data-element_type=\"widget\" data-widget_type=\"icon-box.default\">\n\t\t\t\t\t\t\t<div class=\"elementor-icon-box-wrapper\">\n\n\t\t\t\t\t\t<div class=\"elementor-icon-box-icon\">\n\t\t\t\t<span  class=\"elementor-icon\">\n\t\t\t\t<svg aria-hidden=\"true\" class=\"e-font-icon-svg e-fas-eye\" viewBox=\"0 0 576 512\" xmlns=\"http:\/\/www.w3.org\/2000\/svg\"><path d=\"M572.52 241.4C518.29 135.59 410.93 64 288 64S57.68 135.64 3.48 241.41a32.35 32.35 0 0 0 0 29.19C57.71 376.41 165.07 448 288 448s230.32-71.64 284.52-177.41a32.35 32.35 0 0 0 0-29.19zM288 400a144 144 0 1 1 144-144 143.93 143.93 0 0 1-144 144zm0-240a95.31 95.31 0 0 0-25.31 3.79 47.85 47.85 0 0 1-66.9 66.9A95.78 95.78 0 1 0 288 160z\"><\/path><\/svg>\t\t\t\t<\/span>\n\t\t\t<\/div>\n\t\t\t\n\t\t\t\t\t\t<div class=\"elementor-icon-box-content\">\n\n\t\t\t\t\t\t\t\t\t<span class=\"elementor-icon-box-title\">\n\t\t\t\t\t\t<span  >\n\t\t\t\t\t\t\tVISI\u00d3N\t\t\t\t\t\t<\/span>\n\t\t\t\t\t<\/span>\n\t\t\t\t\n\t\t\t\t\n\t\t\t<\/div>\n\t\t\t\n\t\t<\/div>\n\t\t\t\t\t\t<\/div>\n\t\t\t\t<\/div>\n\t\t<div data-particle_enable=\"false\" data-particle-mobile-disabled=\"false\" class=\"elementor-element elementor-element-2e20d8d e-con-full e-flex e-con e-child\" data-id=\"2e20d8d\" data-element_type=\"container\">\n\t\t\t\t<div class=\"elementor-element elementor-element-c126b66 elementor-widget elementor-widget-text-editor\" data-id=\"c126b66\" data-element_type=\"widget\" data-widget_type=\"text-editor.default\">\n\t\t\t\t\t\t\t\t\t<p>Nuestra visi\u00f3n en ABAC es un mundo donde todas las comunidades, independientemente de sus desaf\u00edos, tienen el poder y la habilidad para ser parte de la soluci\u00f3n. Creemos en capacitar a las comunidades vulnerables, brind\u00e1ndoles las herramientas, el conocimiento y la confianza necesarios para superar sus obst\u00e1culos y crear un futuro mejor. <br \/><br \/>Creemos que cuando capacitamos a las comunidades, estamos sembrando las semillas de la autosuficiencia y la justicia. Nuestra visi\u00f3n es un mundo donde cada comunidad es un agente activo en la construcci\u00f3n de un futuro m\u00e1s fuerte y m\u00e1s equitativo.<\/p>\t\t\t\t\t\t\t\t<\/div>\n\t\t\t\t<\/div>\n\t\t\t\t<\/div>\n\t\t\t\t<\/div>\n\t\t<div data-particle_enable=\"false\" data-particle-mobile-disabled=\"false\" data-dce-background-overlay-color=\"#159437\" class=\"elementor-element elementor-element-57d799a e-con-full animated-slow e-flex elementor-invisible e-con e-child\" data-id=\"57d799a\" data-element_type=\"container\" data-settings=\"{&quot;background_background&quot;:&quot;video&quot;,&quot;background_video_link&quot;:&quot;https:\\\/\\\/www.youtube.com\\\/watch?v=1WpdnWkQm-g&quot;,&quot;motion_fx_motion_fx_scrolling&quot;:&quot;yes&quot;,&quot;animation&quot;:&quot;fadeInUp&quot;,&quot;motion_fx_devices&quot;:[&quot;desktop&quot;,&quot;tablet&quot;,&quot;mobile&quot;]}\">\n\t\t<div class=\"elementor-background-video-container elementor-hidden-mobile\" aria-hidden=\"true\">\n\t\t\t\t\t\t\t<div class=\"elementor-background-video-embed\"><\/div>\n\t\t\t\t\t\t<\/div><div data-particle_enable=\"false\" data-particle-mobile-disabled=\"false\" class=\"elementor-element elementor-element-338f14c e-con-full e-flex e-con e-child\" data-id=\"338f14c\" data-element_type=\"container\">\n\t\t\t\t<div class=\"elementor-element elementor-element-2416599 elementor-widget elementor-widget-text-editor\" data-id=\"2416599\" data-element_type=\"widget\" data-widget_type=\"text-editor.default\">\n\t\t\t\t\t\t\t\t\t<p>Juntos<br \/>entregando<br \/>ayuda<\/p>\t\t\t\t\t\t\t\t<\/div>\n\t\t\t\t<div class=\"elementor-element elementor-element-6e32cfc elementor-widget elementor-widget-eael-creative-button\" data-id=\"6e32cfc\" data-element_type=\"widget\" data-widget_type=\"eael-creative-button.default\">\n\t\t\t\t\t        <div class=\"eael-creative-button-wrapper\">\n\n            <a class=\"eael-creative-button eael-creative-button--ujarak\" href=\"#\" data-text=\"Quiero Ayudar\">\n            \t    \n                <div class=\"creative-button-inner\">\n\n                    \n                    <span class=\"cretive-button-text\">Quiero ser embajador<\/span>\n\n                                            <span class=\"eael-creative-button-icon-right\"><svg aria-hidden=\"true\" class=\"e-font-icon-svg e-fas-chevron-circle-right\" viewBox=\"0 0 512 512\" xmlns=\"http:\/\/www.w3.org\/2000\/svg\"><path d=\"M256 8c137 0 248 111 248 248S393 504 256 504 8 393 8 256 119 8 256 8zm113.9 231L234.4 103.5c-9.4-9.4-24.6-9.4-33.9 0l-17 17c-9.4 9.4-9.4 24.6 0 33.9L285.1 256 183.5 357.6c-9.4 9.4-9.4 24.6 0 33.9l17 17c9.4 9.4 24.6 9.4 33.9 0L369.9 273c9.4-9.4 9.4-24.6 0-34z\"><\/path><\/svg><\/span>                                    <\/div>\n\t                        <\/a>\n        <\/div>\n        \t\t\t\t<\/div>\n\t\t\t\t<\/div>\n\t\t<div data-particle_enable=\"false\" data-particle-mobile-disabled=\"false\" class=\"elementor-element elementor-element-9c64433 e-con-full e-flex e-con e-child\" data-id=\"9c64433\" data-element_type=\"container\">\n\t\t<div data-particle_enable=\"false\" data-particle-mobile-disabled=\"false\" class=\"elementor-element elementor-element-f12d77c e-con-full e-flex e-con e-child\" data-id=\"f12d77c\" data-element_type=\"container\">\n\t\t\t\t<div data-dce-advanced-background-color=\"#0B5F0BBF\" class=\"elementor-element elementor-element-c34dc66 elementor-widget__width-initial elementor-widget elementor-widget-counter\" data-id=\"c34dc66\" data-element_type=\"widget\" data-widget_type=\"counter.default\">\n\t\t\t\t\t\t\t<div class=\"elementor-counter\">\n\t\t\t<p class=\"elementor-counter-title\">ESTADOS<\/p>\t\t\t<div class=\"elementor-counter-number-wrapper\">\n\t\t\t\t<span class=\"elementor-counter-number-prefix\"><\/span>\n\t\t\t\t<span class=\"elementor-counter-number\" data-duration=\"2000\" data-to-value=\"32\" data-from-value=\"0\" data-delimiter=\",\">0<\/span>\n\t\t\t\t<span class=\"elementor-counter-number-suffix\"><\/span>\n\t\t\t<\/div>\n\t\t<\/div>\n\t\t\t\t\t\t<\/div>\n\t\t\t\t<\/div>\n\t\t<div data-particle_enable=\"false\" data-particle-mobile-disabled=\"false\" class=\"elementor-element elementor-element-caabc89 e-con-full e-flex e-con e-child\" data-id=\"caabc89\" data-element_type=\"container\">\n\t\t<div data-particle_enable=\"false\" data-particle-mobile-disabled=\"false\" class=\"elementor-element elementor-element-d647b9b e-con-full e-flex e-con e-child\" data-id=\"d647b9b\" data-element_type=\"container\">\n\t\t\t\t<div data-dce-advanced-background-color=\"#0B5F0BBF\" class=\"elementor-element elementor-element-e492b3f elementor-widget__width-initial elementor-widget elementor-widget-counter\" data-id=\"e492b3f\" data-element_type=\"widget\" data-widget_type=\"counter.default\">\n\t\t\t\t\t\t\t<div class=\"elementor-counter\">\n\t\t\t<p class=\"elementor-counter-title\">COMUNIDADES<\/p>\t\t\t<div class=\"elementor-counter-number-wrapper\">\n\t\t\t\t<span class=\"elementor-counter-number-prefix\"><\/span>\n\t\t\t\t<span class=\"elementor-counter-number\" data-duration=\"2000\" data-to-value=\"250\" data-from-value=\"0\" data-delimiter=\",\">0<\/span>\n\t\t\t\t<span class=\"elementor-counter-number-suffix\"><\/span>\n\t\t\t<\/div>\n\t\t<\/div>\n\t\t\t\t\t\t<\/div>\n\t\t\t\t<\/div>\n\t\t\t\t<\/div>\n\t\t<div data-particle_enable=\"false\" data-particle-mobile-disabled=\"false\" class=\"elementor-element elementor-element-1095137 e-con-full e-flex e-con e-child\" data-id=\"1095137\" data-element_type=\"container\">\n\t\t\t\t<div data-dce-advanced-background-color=\"#0B5F0BBF\" class=\"elementor-element elementor-element-813bb0c elementor-widget__width-initial elementor-widget elementor-widget-counter\" data-id=\"813bb0c\" data-element_type=\"widget\" data-widget_type=\"counter.default\">\n\t\t\t\t\t\t\t<div class=\"elementor-counter\">\n\t\t\t<p class=\"elementor-counter-title\">EMBAJADORES<\/p>\t\t\t<div class=\"elementor-counter-number-wrapper\">\n\t\t\t\t<span class=\"elementor-counter-number-prefix\">+ <\/span>\n\t\t\t\t<span class=\"elementor-counter-number\" data-duration=\"2000\" data-to-value=\"550\" data-from-value=\"0\" data-delimiter=\",\">0<\/span>\n\t\t\t\t<span class=\"elementor-counter-number-suffix\"><\/span>\n\t\t\t<\/div>\n\t\t<\/div>\n\t\t\t\t\t\t<\/div>\n\t\t\t\t<\/div>\n\t\t\t\t<\/div>\n\t\t\t\t<\/div>\n\t\t\t\t\t<\/div>\n\t\t\t\t<\/div>\n\t\t\t\t<\/div>\n\t\t","protected":false},"excerpt":{"rendered":"<p>Inicio \u2022 Nosotros ACERCA DE NOSOTROS \u00bfQu\u00e9 es ABAC? Brindamos asistencia alimentaria. En ABAC, creemos que el cambio empieza en la comunidad. Por eso, formamos y<span class=\"excerpt-hellip\"> [\u2026]<\/span><\/p>\n","protected":false},"author":1,"featured_media":0,"parent":0,"menu_order":0,"comment_status":"closed","ping_status":"closed","template":"","meta":{"footnotes":""},"class_list":["post-259","page","type-page","status-publish","hentry"],"_links":{"self":[{"href":"https:\/\/proyectos.cactusdigital.mx\/abac\/wp-json\/wp\/v2\/pages\/259","targetHints":{"allow":["GET"]}}],"collection":[{"href":"https:\/\/proyectos.cactusdigital.mx\/abac\/wp-json\/wp\/v2\/pages"}],"about":[{"href":"https:\/\/proyectos.cactusdigital.mx\/abac\/wp-json\/wp\/v2\/types\/page"}],"author":[{"embeddable":true,"href":"https:\/\/proyectos.cactusdigital.mx\/abac\/wp-json\/wp\/v2\/users\/1"}],"replies":[{"embeddable":true,"href":"https:\/\/proyectos.cactusdigital.mx\/abac\/wp-json\/wp\/v2\/comments?post=259"}],"version-history":[{"count":10,"href":"https:\/\/proyectos.cactusdigital.mx\/abac\/wp-json\/wp\/v2\/pages\/259\/revisions"}],"predecessor-version":[{"id":1558,"href":"https:\/\/proyectos.cactusdigital.mx\/abac\/wp-json\/wp\/v2\/pages\/259\/revisions\/1558"}],"wp:attachment":[{"href":"https:\/\/proyectos.cactusdigital.mx\/abac\/wp-json\/wp\/v2\/media?parent=259"}],"curies":[{"name":"wp","href":"https:\/\/api.w.org\/{rel}","templated":true}]}}