{"id":261,"date":"2025-09-09T11:31:18","date_gmt":"2025-09-09T17:31:18","guid":{"rendered":"https:\/\/proyectos.cactusdigital.mx\/abac\/?page_id=261"},"modified":"2025-12-16T15:24:29","modified_gmt":"2025-12-16T21:24:29","slug":"modelo","status":"publish","type":"page","link":"https:\/\/proyectos.cactusdigital.mx\/abac\/modelo\/","title":{"rendered":"Modelo de Asistencia"},"content":{"rendered":"\t\t<div data-elementor-type=\"wp-page\" data-elementor-id=\"261\" class=\"elementor elementor-261\" data-elementor-post-type=\"page\">\n\t\t\t\t<div data-particle_enable=\"false\" data-particle-mobile-disabled=\"false\" data-dce-background-overlay-color=\"#FFFFFF\" class=\"elementor-element elementor-element-54ca34b e-flex e-con-boxed e-con e-parent\" data-id=\"54ca34b\" data-element_type=\"container\">\n\t\t\t\t\t<div class=\"e-con-inner\">\n\t\t<div data-particle_enable=\"false\" data-particle-mobile-disabled=\"false\" class=\"elementor-element elementor-element-690f2e0 e-con-full e-flex e-con e-child\" data-id=\"690f2e0\" data-element_type=\"container\">\n\t\t\t\t<div class=\"elementor-element elementor-element-539676d elementor-widget elementor-widget-dce-breadcrumbs\" data-id=\"539676d\" data-element_type=\"widget\" data-widget_type=\"dce-breadcrumbs.default\">\n\t\t\t\t<div class=\"elementor-widget-container\">\n\t\t\t\t\t<ul><li class=\"item-home\"><a class=\"bread-link bread-home\" href=\"https:\/\/proyectos.cactusdigital.mx\/abac\" title=\"Inicio\">Inicio<\/a><\/li><li class=\"separator separator-home\"> <span class=\"dce-separator\">\u2022<\/span> <\/li><li class=\"item-current item-261\"><span class=\"bread-current bread-261\"> Modelo de Asistencia<\/span><\/li><\/ul>\t\t\t\t<\/div>\n\t\t\t\t<\/div>\n\t\t<div data-particle_enable=\"false\" data-particle-mobile-disabled=\"false\" class=\"elementor-element elementor-element-e67999b e-con-full e-flex e-con e-child\" data-id=\"e67999b\" data-element_type=\"container\">\n\t\t\t\t<div class=\"elementor-element elementor-element-c96d82f elementor-view-stacked elementor-shape-circle elementor-widget elementor-widget-icon\" data-id=\"c96d82f\" data-element_type=\"widget\" data-widget_type=\"icon.default\">\n\t\t\t\t\t\t\t<div class=\"elementor-icon-wrapper\">\n\t\t\t<div class=\"elementor-icon\">\n\t\t\t<svg aria-hidden=\"true\" class=\"e-font-icon-svg e-fas-hands\" viewBox=\"0 0 640 512\" xmlns=\"http:\/\/www.w3.org\/2000\/svg\"><path d=\"M204.8 230.4c-10.6-14.1-30.7-17-44.8-6.4-14.1 10.6-17 30.7-6.4 44.8l38.1 50.8c4.8 6.4 4.1 15.3-1.5 20.9l-12.8 12.8c-6.7 6.7-17.6 6.2-23.6-1.1L64 244.4V96c0-17.7-14.3-32-32-32S0 78.3 0 96v218.4c0 10.9 3.7 21.5 10.5 30l104.1 134.3c5 6.5 8.4 13.9 10.4 21.7 1.8 6.9 8.1 11.6 15.3 11.6H272c8.8 0 16-7.2 16-16V384c0-27.7-9-54.6-25.6-76.8l-57.6-76.8zM608 64c-17.7 0-32 14.3-32 32v148.4l-89.8 107.8c-6 7.2-17 7.7-23.6 1.1l-12.8-12.8c-5.6-5.6-6.3-14.5-1.5-20.9l38.1-50.8c10.6-14.1 7.7-34.2-6.4-44.8-14.1-10.6-34.2-7.7-44.8 6.4l-57.6 76.8C361 329.4 352 356.3 352 384v112c0 8.8 7.2 16 16 16h131.7c7.1 0 13.5-4.7 15.3-11.6 2-7.8 5.4-15.2 10.4-21.7l104.1-134.3c6.8-8.5 10.5-19.1 10.5-30V96c0-17.7-14.3-32-32-32z\"><\/path><\/svg>\t\t\t<\/div>\n\t\t<\/div>\n\t\t\t\t\t\t<\/div>\n\t\t\t\t<div data-dce-advanced-background-color=\"#0B5F0B\" class=\"elementor-element elementor-element-9eb0fe1 elementor-widget elementor-widget-heading\" data-id=\"9eb0fe1\" data-element_type=\"widget\" data-widget_type=\"heading.default\">\n\t\t\t\t\t<span class=\"elementor-heading-title elementor-size-default\">MODELO DE ASISTENCIA<\/span>\t\t\t\t<\/div>\n\t\t\t\t<\/div>\n\t\t\t\t<div class=\"elementor-element elementor-element-bf91c38 elementor-widget elementor-widget-heading\" data-id=\"bf91c38\" data-element_type=\"widget\" data-widget_type=\"heading.default\">\n\t\t\t\t\t<h2 class=\"elementor-heading-title elementor-size-default\">\"Para ser la soluci\u00f3n se requiere empat\u00eda\"<\/h2>\t\t\t\t<\/div>\n\t\t\t\t<div class=\"elementor-element elementor-element-a039cb0 elementor-widget elementor-widget-text-editor\" data-id=\"a039cb0\" data-element_type=\"widget\" data-widget_type=\"text-editor.default\">\n\t\t\t\t\t\t\t\t\t<p>Fortaleciendo Comunidades, haciendo un Frente Contra el Hambre<\/p>\t\t\t\t\t\t\t\t<\/div>\n\t\t<div data-particle_enable=\"false\" data-particle-mobile-disabled=\"false\" class=\"elementor-element elementor-element-fa767ab e-con-full e-flex e-con e-child\" data-id=\"fa767ab\" data-element_type=\"container\">\n\t\t<div data-particle_enable=\"false\" data-particle-mobile-disabled=\"false\" class=\"elementor-element elementor-element-3bd1ab0 e-con-full e-flex e-con e-child\" data-id=\"3bd1ab0\" data-element_type=\"container\">\n\t\t\t\t<div class=\"elementor-element elementor-element-78353cb dce_masking-none elementor-widget elementor-widget-image\" data-id=\"78353cb\" data-element_type=\"widget\" data-widget_type=\"image.default\">\n\t\t\t\t\t\t\t\t\t\t\t\t\t\t\t<img loading=\"lazy\" decoding=\"async\" width=\"493\" height=\"1200\" src=\"https:\/\/proyectos.cactusdigital.mx\/abac\/wp-content\/uploads\/2025\/10\/modelo-de-asistencia_1-scaled-493x1200.png\" class=\"attachment-large size-large wp-image-732\" alt=\"\" srcset=\"https:\/\/proyectos.cactusdigital.mx\/abac\/wp-content\/uploads\/2025\/10\/modelo-de-asistencia_1-scaled-493x1200.png 493w, https:\/\/proyectos.cactusdigital.mx\/abac\/wp-content\/uploads\/2025\/10\/modelo-de-asistencia_1-scaled-205x500.png 205w, https:\/\/proyectos.cactusdigital.mx\/abac\/wp-content\/uploads\/2025\/10\/modelo-de-asistencia_1-scaled-123x300.png 123w, https:\/\/proyectos.cactusdigital.mx\/abac\/wp-content\/uploads\/2025\/10\/modelo-de-asistencia_1-scaled-768x1869.png 768w, https:\/\/proyectos.cactusdigital.mx\/abac\/wp-content\/uploads\/2025\/10\/modelo-de-asistencia_1-scaled-631x1536.png 631w, https:\/\/proyectos.cactusdigital.mx\/abac\/wp-content\/uploads\/2025\/10\/modelo-de-asistencia_1-scaled-842x2048.png 842w, https:\/\/proyectos.cactusdigital.mx\/abac\/wp-content\/uploads\/2025\/10\/modelo-de-asistencia_1-scaled-31x75.png 31w, https:\/\/proyectos.cactusdigital.mx\/abac\/wp-content\/uploads\/2025\/10\/modelo-de-asistencia_1-scaled-575x1400.png 575w, https:\/\/proyectos.cactusdigital.mx\/abac\/wp-content\/uploads\/2025\/10\/modelo-de-asistencia_1-scaled.png 1052w\" sizes=\"auto, (max-width:767px) 493px, 493px\" \/>\t\t\t\t\t\t\t\t\t\t\t\t\t\t\t<\/div>\n\t\t\t\t<\/div>\n\t\t<div data-particle_enable=\"false\" data-particle-mobile-disabled=\"false\" class=\"elementor-element elementor-element-e5ab69d e-con-full e-flex e-con e-child\" data-id=\"e5ab69d\" data-element_type=\"container\">\n\t\t\t\t<div class=\"elementor-element elementor-element-66454ef elementor-widget elementor-widget-text-editor\" data-id=\"66454ef\" data-element_type=\"widget\" data-widget_type=\"text-editor.default\">\n\t\t\t\t\t\t\t\t\t<p><strong>Nuestro Modelo de Asistencia<br \/><\/strong><br \/>En <strong>ABAC<\/strong>, no solo entregamos alimentos: <strong>formamos comunidades capaces de transformar su entorno.<\/strong> Creemos que la verdadera soluci\u00f3n al hambre nace de la colaboraci\u00f3n, la empat\u00eda y la organizaci\u00f3n comunitaria.<br \/><br \/>Nuestro modelo de asistencia impulsa a cada comunidad a ser parte activa de la soluci\u00f3n, capacitando a sus l\u00edderes y voluntarios para que reciban, organicen y distribuyan las donaciones de forma <strong>directa, transparente y digna.<\/strong><br \/><br \/>Trabajamos codo a codo con <strong>las comunidades<\/strong> que necesitan apoyo, fortaleciendo sus capacidades y construyendo redes locales de ayuda que permanecen en el tiempo.<br \/><br \/>Cada comunidad que se une a ABAC se convierte en un motor de cambio, capaz de brindar esperanza y seguridad alimentaria a sus familias.<br \/>Creemos firmemente que la fuerza de un <strong>M\u00e9xico sin hambre est\u00e1 en la unidad de su gente.<\/strong><br \/><br \/><strong>\u00a1\u00danete a esta misi\u00f3n!<\/strong><br \/>Cada esfuerzo, cada donaci\u00f3n y cada sonrisa son pasos hacia un pa\u00eds m\u00e1s justo, solidario y sin hambre.<\/p>\t\t\t\t\t\t\t\t<\/div>\n\t\t<div data-particle_enable=\"false\" data-particle-mobile-disabled=\"false\" class=\"elementor-element elementor-element-ab27816 e-con-full e-flex e-con e-child\" data-id=\"ab27816\" data-element_type=\"container\">\n\t\t<div data-particle_enable=\"false\" data-particle-mobile-disabled=\"false\" class=\"elementor-element elementor-element-b7d4f39 e-con-full animated-slow e-flex elementor-invisible e-con e-child\" data-id=\"b7d4f39\" data-element_type=\"container\" data-settings=\"{&quot;animation&quot;:&quot;bounceIn&quot;}\">\n\t\t\t\t<div class=\"elementor-element elementor-element-d28c1e3 elementor-view-default elementor-widget elementor-widget-icon\" data-id=\"d28c1e3\" data-element_type=\"widget\" data-widget_type=\"icon.default\">\n\t\t\t\t\t\t\t<div class=\"elementor-icon-wrapper\">\n\t\t\t<div class=\"elementor-icon\">\n\t\t\t<svg aria-hidden=\"true\" class=\"e-font-icon-svg e-fas-smog\" viewBox=\"0 0 640 512\" xmlns=\"http:\/\/www.w3.org\/2000\/svg\"><path d=\"M624 368H80c-8.8 0-16 7.2-16 16v16c0 8.8 7.2 16 16 16h544c8.8 0 16-7.2 16-16v-16c0-8.8-7.2-16-16-16zm-480 96H16c-8.8 0-16 7.2-16 16v16c0 8.8 7.2 16 16 16h128c8.8 0 16-7.2 16-16v-16c0-8.8-7.2-16-16-16zm416 0H224c-8.8 0-16 7.2-16 16v16c0 8.8 7.2 16 16 16h336c8.8 0 16-7.2 16-16v-16c0-8.8-7.2-16-16-16zM144 288h156.1c22.5 19.7 51.6 32 83.9 32s61.3-12.3 83.9-32H528c61.9 0 112-50.1 112-112S589.9 64 528 64c-18 0-34.7 4.6-49.7 12.1C454 31 406.8 0 352 0c-41 0-77.8 17.3-104 44.8C221.8 17.3 185 0 144 0 64.5 0 0 64.5 0 144s64.5 144 144 144z\"><\/path><\/svg>\t\t\t<\/div>\n\t\t<\/div>\n\t\t\t\t\t\t<\/div>\n\t\t\t\t<div class=\"elementor-element elementor-element-464b7d6 elementor-widget elementor-widget-counter\" data-id=\"464b7d6\" data-element_type=\"widget\" data-widget_type=\"counter.default\">\n\t\t\t\t\t\t\t<div class=\"elementor-counter\">\n\t\t\t<div class=\"elementor-counter-title\">Emisiones de <br>Carbono<\/div>\t\t\t<div class=\"elementor-counter-number-wrapper\">\n\t\t\t\t<span class=\"elementor-counter-number-prefix\"><\/span>\n\t\t\t\t<span class=\"elementor-counter-number\" data-duration=\"2000\" data-to-value=\"0\" data-from-value=\"120\" data-delimiter=\",\">120<\/span>\n\t\t\t\t<span class=\"elementor-counter-number-suffix\"><\/span>\n\t\t\t<\/div>\n\t\t<\/div>\n\t\t\t\t\t\t<\/div>\n\t\t\t\t<\/div>\n\t\t<div data-particle_enable=\"false\" data-particle-mobile-disabled=\"false\" class=\"elementor-element elementor-element-30fefc3 e-con-full animated-slow e-flex elementor-invisible e-con e-child\" data-id=\"30fefc3\" data-element_type=\"container\" data-settings=\"{&quot;animation&quot;:&quot;bounceIn&quot;,&quot;animation_delay&quot;:200}\">\n\t\t\t\t<div class=\"elementor-element elementor-element-39956ba elementor-view-default elementor-widget elementor-widget-icon\" data-id=\"39956ba\" data-element_type=\"widget\" data-widget_type=\"icon.default\">\n\t\t\t\t\t\t\t<div class=\"elementor-icon-wrapper\">\n\t\t\t<div class=\"elementor-icon\">\n\t\t\t<svg aria-hidden=\"true\" class=\"e-font-icon-svg e-fas-trash-alt\" viewBox=\"0 0 448 512\" xmlns=\"http:\/\/www.w3.org\/2000\/svg\"><path d=\"M32 464a48 48 0 0 0 48 48h288a48 48 0 0 0 48-48V128H32zm272-256a16 16 0 0 1 32 0v224a16 16 0 0 1-32 0zm-96 0a16 16 0 0 1 32 0v224a16 16 0 0 1-32 0zm-96 0a16 16 0 0 1 32 0v224a16 16 0 0 1-32 0zM432 32H312l-9.4-18.7A24 24 0 0 0 281.1 0H166.8a23.72 23.72 0 0 0-21.4 13.3L136 32H16A16 16 0 0 0 0 48v32a16 16 0 0 0 16 16h416a16 16 0 0 0 16-16V48a16 16 0 0 0-16-16z\"><\/path><\/svg>\t\t\t<\/div>\n\t\t<\/div>\n\t\t\t\t\t\t<\/div>\n\t\t\t\t<div class=\"elementor-element elementor-element-e00ce9d elementor-widget elementor-widget-counter\" data-id=\"e00ce9d\" data-element_type=\"widget\" data-widget_type=\"counter.default\">\n\t\t\t\t\t\t\t<div class=\"elementor-counter\">\n\t\t\t<div class=\"elementor-counter-title\">Desperdicio<\/div>\t\t\t<div class=\"elementor-counter-number-wrapper\">\n\t\t\t\t<span class=\"elementor-counter-number-prefix\"><\/span>\n\t\t\t\t<span class=\"elementor-counter-number\" data-duration=\"2000\" data-to-value=\"0\" data-from-value=\"242\" data-delimiter=\",\">242<\/span>\n\t\t\t\t<span class=\"elementor-counter-number-suffix\"><\/span>\n\t\t\t<\/div>\n\t\t<\/div>\n\t\t\t\t\t\t<\/div>\n\t\t\t\t<\/div>\n\t\t\t\t<\/div>\n\t\t\t\t<div class=\"elementor-element elementor-element-fd8312b elementor-widget elementor-widget-eael-divider\" data-id=\"fd8312b\" data-element_type=\"widget\" data-widget_type=\"eael-divider.default\">\n\t\t\t\t\t\t\t<div class=\"eael-divider-wrap divider-direction-horizontal\">\n\t\t\t\t\t\t\t<div class=\"eael-divider horizontal solid\"><\/div>\n\t\t\t\t\t<\/div>\n\t\t\t\t<\/div>\n\t\t<div data-particle_enable=\"false\" data-particle-mobile-disabled=\"false\" class=\"elementor-element elementor-element-3eb218f e-con-full e-flex e-con e-child\" data-id=\"3eb218f\" data-element_type=\"container\">\n\t\t\t\t<div class=\"elementor-element elementor-element-6ebe640 animatetext-trigger-scroll elementor-widget elementor-widget-dyncontel-animateText\" data-id=\"6ebe640\" data-element_type=\"widget\" data-settings=\"{&quot;animatetext_splittype&quot;:&quot;words&quot;,&quot;words&quot;:[{&quot;text_word&quot;:&quot;Nuestro moldeo de asistencia es m\\u00e1s r\\u00e1pido y eficaz que ning\\u00fan otro. Nuestro modelo no es caridad, es justicia.&quot;,&quot;_id&quot;:&quot;9ccdf55&quot;}],&quot;animatetext_animationstyle_in&quot;:&quot;zoom_back&quot;,&quot;animatetext_splitorigin_in&quot;:&quot;center&quot;,&quot;speed_animation_in&quot;:{&quot;unit&quot;:&quot;px&quot;,&quot;size&quot;:1.1999999999999999555910790149937383830547332763671875,&quot;sizes&quot;:[]},&quot;amount_speed_in&quot;:{&quot;unit&quot;:&quot;px&quot;,&quot;size&quot;:15,&quot;sizes&quot;:[]},&quot;delay_animation_out&quot;:{&quot;unit&quot;:&quot;px&quot;,&quot;size&quot;:300,&quot;sizes&quot;:[]},&quot;animatetext_trigger&quot;:&quot;scroll&quot;,&quot;animatetext_repeat&quot;:-1,&quot;delay_animation_in&quot;:{&quot;unit&quot;:&quot;px&quot;,&quot;size&quot;:0,&quot;sizes&quot;:[]},&quot;animFrom_easing_in&quot;:&quot;easeInOut&quot;,&quot;animFrom_easing_ease_in&quot;:&quot;Power3&quot;,&quot;animatetext_animationstyle_out&quot;:&quot;fading&quot;,&quot;animatetext_splitorigin_out&quot;:&quot;null&quot;,&quot;speed_animation_out&quot;:{&quot;unit&quot;:&quot;px&quot;,&quot;size&quot;:0.6999999999999999555910790149937383830547332763671875,&quot;sizes&quot;:[]},&quot;amount_speed_out&quot;:{&quot;unit&quot;:&quot;px&quot;,&quot;size&quot;:1,&quot;sizes&quot;:[]},&quot;animFrom_easing_out&quot;:&quot;easeInOut&quot;,&quot;animFrom_easing_ease_out&quot;:&quot;Power3&quot;}\" data-widget_type=\"dyncontel-animateText.default\">\n\t\t\t\t<div class=\"elementor-widget-container\">\n\t\t\t\t\t<div class=\"dce-animated-text dce-animated-text-zoom_back\"><\/div><div style=\"display: none;\"><div class=\"dce-animated-text-item dce-animated-text-item-0 dce-animated-text-zoom_back\">Nuestro moldeo de asistencia es m\u00e1s r\u00e1pido y eficaz que ning\u00fan otro. Nuestro modelo no es caridad, es justicia.<\/div><\/div>\t\t\t\t<\/div>\n\t\t\t\t<\/div>\n\t\t\t\t<\/div>\n\t\t\t\t<\/div>\n\t\t\t\t<\/div>\n\t\t\t\t<\/div>\n\t\t<div data-particle_enable=\"false\" data-particle-mobile-disabled=\"false\" class=\"elementor-element elementor-element-a6944f5 e-con-full e-flex e-con e-child\" data-id=\"a6944f5\" data-element_type=\"container\">\n\t\t\t\t<div class=\"elementor-element elementor-element-56259f1 dce_masking-none elementor-widget elementor-widget-image\" data-id=\"56259f1\" data-element_type=\"widget\" data-widget_type=\"image.default\">\n\t\t\t\t\t\t\t\t\t\t\t\t\t\t\t<img loading=\"lazy\" decoding=\"async\" width=\"420\" height=\"151\" src=\"https:\/\/proyectos.cactusdigital.mx\/abac\/wp-content\/uploads\/2025\/09\/tuayudacaridad.png\" class=\"attachment-large size-large wp-image-458\" alt=\"\" srcset=\"https:\/\/proyectos.cactusdigital.mx\/abac\/wp-content\/uploads\/2025\/09\/tuayudacaridad.png 420w, https:\/\/proyectos.cactusdigital.mx\/abac\/wp-content\/uploads\/2025\/09\/tuayudacaridad-300x108.png 300w, https:\/\/proyectos.cactusdigital.mx\/abac\/wp-content\/uploads\/2025\/09\/tuayudacaridad-150x54.png 150w\" sizes=\"auto, (max-width:767px) 420px, 420px\" \/>\t\t\t\t\t\t\t\t\t\t\t\t\t\t\t<\/div>\n\t\t\t\t<\/div>\n\t\t<div data-particle_enable=\"false\" data-particle-mobile-disabled=\"false\" data-dce-background-overlay-color=\"#159437\" class=\"elementor-element elementor-element-45756f6 e-con-full animated-slow e-flex elementor-invisible e-con e-child\" data-id=\"45756f6\" data-element_type=\"container\" data-settings=\"{&quot;background_background&quot;:&quot;video&quot;,&quot;background_video_link&quot;:&quot;https:\\\/\\\/www.youtube.com\\\/watch?v=1WpdnWkQm-g&quot;,&quot;motion_fx_motion_fx_scrolling&quot;:&quot;yes&quot;,&quot;animation&quot;:&quot;fadeInUp&quot;,&quot;motion_fx_devices&quot;:[&quot;desktop&quot;,&quot;tablet&quot;,&quot;mobile&quot;]}\">\n\t\t<div class=\"elementor-background-video-container elementor-hidden-mobile\" aria-hidden=\"true\">\n\t\t\t\t\t\t\t<div class=\"elementor-background-video-embed\"><\/div>\n\t\t\t\t\t\t<\/div><div data-particle_enable=\"false\" data-particle-mobile-disabled=\"false\" class=\"elementor-element elementor-element-f88066f e-con-full e-flex e-con e-child\" data-id=\"f88066f\" data-element_type=\"container\">\n\t\t\t\t<div class=\"elementor-element elementor-element-38860d0 elementor-widget elementor-widget-text-editor\" data-id=\"38860d0\" data-element_type=\"widget\" data-widget_type=\"text-editor.default\">\n\t\t\t\t\t\t\t\t\t<p>Juntos<br \/>entregando<br \/>ayuda<\/p>\t\t\t\t\t\t\t\t<\/div>\n\t\t\t\t<div class=\"elementor-element elementor-element-e50b0e4 elementor-widget elementor-widget-eael-creative-button\" data-id=\"e50b0e4\" data-element_type=\"widget\" data-widget_type=\"eael-creative-button.default\">\n\t\t\t\t\t        <div class=\"eael-creative-button-wrapper\">\n\n            <a class=\"eael-creative-button eael-creative-button--ujarak\" href=\"#\" data-text=\"Quiero Ayudar\">\n            \t    \n                <div class=\"creative-button-inner\">\n\n                    \n                    <span class=\"cretive-button-text\">Quiero ser embajador<\/span>\n\n                                            <span class=\"eael-creative-button-icon-right\"><svg aria-hidden=\"true\" class=\"e-font-icon-svg e-fas-chevron-circle-right\" viewBox=\"0 0 512 512\" xmlns=\"http:\/\/www.w3.org\/2000\/svg\"><path d=\"M256 8c137 0 248 111 248 248S393 504 256 504 8 393 8 256 119 8 256 8zm113.9 231L234.4 103.5c-9.4-9.4-24.6-9.4-33.9 0l-17 17c-9.4 9.4-9.4 24.6 0 33.9L285.1 256 183.5 357.6c-9.4 9.4-9.4 24.6 0 33.9l17 17c9.4 9.4 24.6 9.4 33.9 0L369.9 273c9.4-9.4 9.4-24.6 0-34z\"><\/path><\/svg><\/span>                                    <\/div>\n\t                        <\/a>\n        <\/div>\n        \t\t\t\t<\/div>\n\t\t\t\t<\/div>\n\t\t<div data-particle_enable=\"false\" data-particle-mobile-disabled=\"false\" class=\"elementor-element elementor-element-f1d87c5 e-con-full e-flex e-con e-child\" data-id=\"f1d87c5\" data-element_type=\"container\">\n\t\t<div data-particle_enable=\"false\" data-particle-mobile-disabled=\"false\" class=\"elementor-element elementor-element-36b9324 e-con-full e-flex e-con e-child\" data-id=\"36b9324\" data-element_type=\"container\">\n\t\t\t\t<div data-dce-advanced-background-color=\"#0B5F0BBF\" class=\"elementor-element elementor-element-e94c385 elementor-widget__width-initial elementor-widget elementor-widget-counter\" data-id=\"e94c385\" data-element_type=\"widget\" data-widget_type=\"counter.default\">\n\t\t\t\t\t\t\t<div class=\"elementor-counter\">\n\t\t\t<p class=\"elementor-counter-title\">ESTADOS<\/p>\t\t\t<div class=\"elementor-counter-number-wrapper\">\n\t\t\t\t<span class=\"elementor-counter-number-prefix\"><\/span>\n\t\t\t\t<span class=\"elementor-counter-number\" data-duration=\"2000\" data-to-value=\"32\" data-from-value=\"0\" data-delimiter=\",\">0<\/span>\n\t\t\t\t<span class=\"elementor-counter-number-suffix\"><\/span>\n\t\t\t<\/div>\n\t\t<\/div>\n\t\t\t\t\t\t<\/div>\n\t\t\t\t<\/div>\n\t\t<div data-particle_enable=\"false\" data-particle-mobile-disabled=\"false\" class=\"elementor-element elementor-element-44b58b3 e-con-full e-flex e-con e-child\" data-id=\"44b58b3\" data-element_type=\"container\">\n\t\t<div data-particle_enable=\"false\" data-particle-mobile-disabled=\"false\" class=\"elementor-element elementor-element-b4604e3 e-con-full e-flex e-con e-child\" data-id=\"b4604e3\" data-element_type=\"container\">\n\t\t\t\t<div data-dce-advanced-background-color=\"#0B5F0BBF\" class=\"elementor-element elementor-element-5137614 elementor-widget__width-initial elementor-widget elementor-widget-counter\" data-id=\"5137614\" data-element_type=\"widget\" data-widget_type=\"counter.default\">\n\t\t\t\t\t\t\t<div class=\"elementor-counter\">\n\t\t\t<p class=\"elementor-counter-title\">COMUNIDADES<\/p>\t\t\t<div class=\"elementor-counter-number-wrapper\">\n\t\t\t\t<span class=\"elementor-counter-number-prefix\"><\/span>\n\t\t\t\t<span class=\"elementor-counter-number\" data-duration=\"2000\" data-to-value=\"250\" data-from-value=\"0\" data-delimiter=\",\">0<\/span>\n\t\t\t\t<span class=\"elementor-counter-number-suffix\"><\/span>\n\t\t\t<\/div>\n\t\t<\/div>\n\t\t\t\t\t\t<\/div>\n\t\t\t\t<\/div>\n\t\t\t\t<\/div>\n\t\t<div data-particle_enable=\"false\" data-particle-mobile-disabled=\"false\" class=\"elementor-element elementor-element-2e98b59 e-con-full e-flex e-con e-child\" data-id=\"2e98b59\" data-element_type=\"container\">\n\t\t\t\t<div data-dce-advanced-background-color=\"#0B5F0BBF\" class=\"elementor-element elementor-element-8f770be elementor-widget__width-initial elementor-widget elementor-widget-counter\" data-id=\"8f770be\" data-element_type=\"widget\" data-widget_type=\"counter.default\">\n\t\t\t\t\t\t\t<div class=\"elementor-counter\">\n\t\t\t<p class=\"elementor-counter-title\">EMBAJADORES<\/p>\t\t\t<div class=\"elementor-counter-number-wrapper\">\n\t\t\t\t<span class=\"elementor-counter-number-prefix\">+ <\/span>\n\t\t\t\t<span class=\"elementor-counter-number\" data-duration=\"2000\" data-to-value=\"550\" data-from-value=\"0\" data-delimiter=\",\">0<\/span>\n\t\t\t\t<span class=\"elementor-counter-number-suffix\"><\/span>\n\t\t\t<\/div>\n\t\t<\/div>\n\t\t\t\t\t\t<\/div>\n\t\t\t\t<\/div>\n\t\t\t\t<\/div>\n\t\t\t\t<\/div>\n\t\t\t\t\t<\/div>\n\t\t\t\t<\/div>\n\t\t\t\t<\/div>\n\t\t","protected":false},"excerpt":{"rendered":"<p>Inicio \u2022 Modelo de Asistencia MODELO DE ASISTENCIA \u00abPara ser la soluci\u00f3n se requiere empat\u00eda\u00bb Fortaleciendo Comunidades, haciendo un Frente Contra el Hambre Nuestro Modelo de<span class=\"excerpt-hellip\"> [\u2026]<\/span><\/p>\n","protected":false},"author":1,"featured_media":0,"parent":0,"menu_order":0,"comment_status":"closed","ping_status":"closed","template":"","meta":{"footnotes":""},"class_list":["post-261","page","type-page","status-publish","hentry"],"_links":{"self":[{"href":"https:\/\/proyectos.cactusdigital.mx\/abac\/wp-json\/wp\/v2\/pages\/261","targetHints":{"allow":["GET"]}}],"collection":[{"href":"https:\/\/proyectos.cactusdigital.mx\/abac\/wp-json\/wp\/v2\/pages"}],"about":[{"href":"https:\/\/proyectos.cactusdigital.mx\/abac\/wp-json\/wp\/v2\/types\/page"}],"author":[{"embeddable":true,"href":"https:\/\/proyectos.cactusdigital.mx\/abac\/wp-json\/wp\/v2\/users\/1"}],"replies":[{"embeddable":true,"href":"https:\/\/proyectos.cactusdigital.mx\/abac\/wp-json\/wp\/v2\/comments?post=261"}],"version-history":[{"count":0,"href":"https:\/\/proyectos.cactusdigital.mx\/abac\/wp-json\/wp\/v2\/pages\/261\/revisions"}],"wp:attachment":[{"href":"https:\/\/proyectos.cactusdigital.mx\/abac\/wp-json\/wp\/v2\/media?parent=261"}],"curies":[{"name":"wp","href":"https:\/\/api.w.org\/{rel}","templated":true}]}}