{"id":271,"date":"2025-09-09T11:33:26","date_gmt":"2025-09-09T17:33:26","guid":{"rendered":"https:\/\/proyectos.cactusdigital.mx\/abac\/?page_id=271"},"modified":"2025-12-18T12:21:54","modified_gmt":"2025-12-18T18:21:54","slug":"eventos","status":"publish","type":"page","link":"https:\/\/proyectos.cactusdigital.mx\/abac\/eventos\/","title":{"rendered":"Eventos"},"content":{"rendered":"\t\t<div data-elementor-type=\"wp-page\" data-elementor-id=\"271\" class=\"elementor elementor-271\" data-elementor-post-type=\"page\">\n\t\t\t\t<div data-particle_enable=\"false\" data-particle-mobile-disabled=\"false\" data-dce-background-overlay-color=\"#FFFFFF\" class=\"elementor-element elementor-element-1a0d866 e-flex e-con-boxed e-con e-parent\" data-id=\"1a0d866\" data-element_type=\"container\">\n\t\t\t\t\t<div class=\"e-con-inner\">\n\t\t<div data-particle_enable=\"false\" data-particle-mobile-disabled=\"false\" class=\"elementor-element elementor-element-c36ff3a e-con-full e-flex e-con e-child\" data-id=\"c36ff3a\" data-element_type=\"container\">\n\t\t\t\t<div class=\"elementor-element elementor-element-8966faa elementor-widget elementor-widget-dce-breadcrumbs\" data-id=\"8966faa\" data-element_type=\"widget\" data-widget_type=\"dce-breadcrumbs.default\">\n\t\t\t\t<div class=\"elementor-widget-container\">\n\t\t\t\t\t<ul><li class=\"item-home\"><a class=\"bread-link bread-home\" href=\"https:\/\/proyectos.cactusdigital.mx\/abac\" title=\"Inicio\">Inicio<\/a><\/li><li class=\"separator separator-home\"> <span class=\"dce-separator\">\u2022<\/span> <\/li><li class=\"item-current item-271\"><span class=\"bread-current bread-271\"> Eventos<\/span><\/li><\/ul>\t\t\t\t<\/div>\n\t\t\t\t<\/div>\n\t\t<div data-particle_enable=\"false\" data-particle-mobile-disabled=\"false\" class=\"elementor-element elementor-element-fcb4736 e-con-full e-flex e-con e-child\" data-id=\"fcb4736\" data-element_type=\"container\">\n\t\t\t\t<div class=\"elementor-element elementor-element-ff07871 elementor-view-stacked elementor-shape-circle elementor-widget elementor-widget-icon\" data-id=\"ff07871\" data-element_type=\"widget\" data-widget_type=\"icon.default\">\n\t\t\t\t\t\t\t<div class=\"elementor-icon-wrapper\">\n\t\t\t<div class=\"elementor-icon\">\n\t\t\t<svg aria-hidden=\"true\" class=\"e-font-icon-svg e-fas-coins\" viewBox=\"0 0 512 512\" xmlns=\"http:\/\/www.w3.org\/2000\/svg\"><path d=\"M0 405.3V448c0 35.3 86 64 192 64s192-28.7 192-64v-42.7C342.7 434.4 267.2 448 192 448S41.3 434.4 0 405.3zM320 128c106 0 192-28.7 192-64S426 0 320 0 128 28.7 128 64s86 64 192 64zM0 300.4V352c0 35.3 86 64 192 64s192-28.7 192-64v-51.6c-41.3 34-116.9 51.6-192 51.6S41.3 334.4 0 300.4zm416 11c57.3-11.1 96-31.7 96-55.4v-42.7c-23.2 16.4-57.3 27.6-96 34.5v63.6zM192 160C86 160 0 195.8 0 240s86 80 192 80 192-35.8 192-80-86-80-192-80zm219.3 56.3c60-10.8 100.7-32 100.7-56.3v-42.7c-35.5 25.1-96.5 38.6-160.7 41.8 29.5 14.3 51.2 33.5 60 57.2z\"><\/path><\/svg>\t\t\t<\/div>\n\t\t<\/div>\n\t\t\t\t\t\t<\/div>\n\t\t\t\t<div data-dce-advanced-background-color=\"#0B5F0B\" class=\"elementor-element elementor-element-c03f898 elementor-widget elementor-widget-heading\" data-id=\"c03f898\" data-element_type=\"widget\" data-widget_type=\"heading.default\">\n\t\t\t\t\t<span class=\"elementor-heading-title elementor-size-default\">APOYA LA CAUSA<\/span>\t\t\t\t<\/div>\n\t\t\t\t<\/div>\n\t\t\t\t<div class=\"elementor-element elementor-element-e501a7b elementor-widget elementor-widget-heading\" data-id=\"e501a7b\" data-element_type=\"widget\" data-widget_type=\"heading.default\">\n\t\t\t\t\t<h2 class=\"elementor-heading-title elementor-size-default\">Calendario de Eventos<\/h2>\t\t\t\t<\/div>\n\t\t\t\t<div class=\"elementor-element elementor-element-fbcfe7b elementor-widget elementor-widget-heading\" data-id=\"fbcfe7b\" data-element_type=\"widget\" data-widget_type=\"heading.default\">\n\t\t\t\t\t<h2 class=\"elementor-heading-title elementor-size-default\">Participa en nuestros eventos y ay\u00fadanos.<\/h2>\t\t\t\t<\/div>\n\t\t\t\t<div class=\"elementor-element elementor-element-02a791c elementor-widget elementor-widget-text-editor\" data-id=\"02a791c\" data-element_type=\"widget\" data-widget_type=\"text-editor.default\">\n\t\t\t\t\t\t\t\t\t<p>Aqu\u00ed encontrar\u00e1s fechas clave, campa\u00f1as y eventos que nos ayudan a llevar alimentos a quienes m\u00e1s lo necesitan. S\u00famate, participa y forma parte del cambio.<\/p>\t\t\t\t\t\t\t\t<\/div>\n\t\t<div data-particle_enable=\"false\" data-particle-mobile-disabled=\"false\" class=\"elementor-element elementor-element-8701c23 e-con-full e-flex e-con e-child\" data-id=\"8701c23\" data-element_type=\"container\">\n\t\t\t\t<div class=\"elementor-element elementor-element-e434637 elementor-widget elementor-widget-eael-event-calendar\" data-id=\"e434637\" data-element_type=\"widget\" data-widget_type=\"eael-event-calendar.default\">\n\t\t\t\t\t<div class=\"eael-event-calendar-wrapper layout-calendar\"><div id=\"eael-event-calendar-e434637\" class=\"eael-event-calendar-cls\"\n            data-cal_id = \"e434637\"\n            data-locale = \"es\"\n            data-translate = \"{&quot;today&quot;:&quot;Hoy&quot;,&quot;tomorrow&quot;:&quot;Ma\\u00f1ana&quot;}\"\n            data-defaultview = \"dayGridMonth\"\n            data-defaultdate = \"2026-04-08\"\n            data-time_format = \"\"\n            data-event_limit = \"3\"\n            data-popup_date_format = \"DD\/MM\/YYYY\"\n            data-multidays_event_day_count= \"0\"\n            data-monthColumnHeaderFormat = \"\"\n            data-weekColumnHeaderFormat = \"\"\n            data-hideDetailsLink= \"\"\n            data-detailsButtonText = \"Detalles del evento\"\n            data-location-display = \"\"\n            data-events=\"[]\"\n            data-thumbnail_position = \"\"\n            data-first_day=\"0\"><\/div><div id=\"eaelecModal\" class=\"eaelec-modal eael-zoom-in\">\n            <div class=\"eaelec-modal-content\">\n                <div class=\"eaelec-modal-header\">\n                    <div class=\"eaelec-modal-close\"><span><i class=\"fas fa-times\"><\/i><\/span><\/div>\n                    <h2 class=\"eael-ec-modal-title\"><\/h2>\n                    <span class=\"eaelec-event-date-start eaelec-event-popup-date\"><\/span>\n                    <span class=\"eaelec-event-date-end eaelec-event-popup-date\"><\/span>\n                    <span class=\"eaelec-event-location eaelec-event-popup-location\" style=\"display: none;\"><\/span>\n                <\/div>\n                <div class=\"eaelec-modal-body\">\n                    <p><\/p>\n                <\/div>\n                <div class=\"eaelec-modal-footer\">\n                    <a class=\"eaelec-event-details-link\">Detalles del evento<\/a>\n                <\/div>\n            <\/div>\n        <\/div><\/div>\t\t\t\t<\/div>\n\t\t\t\t<\/div>\n\t\t\t\t<\/div>\n\t\t<div data-particle_enable=\"false\" data-particle-mobile-disabled=\"false\" data-dce-background-overlay-color=\"#159437\" class=\"elementor-element elementor-element-cd35b29 e-con-full animated-slow e-flex elementor-invisible e-con e-child\" data-id=\"cd35b29\" data-element_type=\"container\" data-settings=\"{&quot;background_background&quot;:&quot;video&quot;,&quot;background_video_link&quot;:&quot;https:\\\/\\\/www.youtube.com\\\/watch?v=1WpdnWkQm-g&quot;,&quot;motion_fx_motion_fx_scrolling&quot;:&quot;yes&quot;,&quot;animation&quot;:&quot;fadeInUp&quot;,&quot;motion_fx_devices&quot;:[&quot;desktop&quot;,&quot;tablet&quot;,&quot;mobile&quot;]}\">\n\t\t<div class=\"elementor-background-video-container elementor-hidden-mobile\" aria-hidden=\"true\">\n\t\t\t\t\t\t\t<div class=\"elementor-background-video-embed\"><\/div>\n\t\t\t\t\t\t<\/div><div data-particle_enable=\"false\" data-particle-mobile-disabled=\"false\" class=\"elementor-element elementor-element-f315155 e-con-full e-flex e-con e-child\" data-id=\"f315155\" data-element_type=\"container\">\n\t\t\t\t<div class=\"elementor-element elementor-element-0d4c926 elementor-widget elementor-widget-text-editor\" data-id=\"0d4c926\" data-element_type=\"widget\" data-widget_type=\"text-editor.default\">\n\t\t\t\t\t\t\t\t\t<p>Juntos<br \/>entregando<br \/>ayuda<\/p>\t\t\t\t\t\t\t\t<\/div>\n\t\t\t\t<div class=\"elementor-element elementor-element-5d2ed03 elementor-widget elementor-widget-eael-creative-button\" data-id=\"5d2ed03\" data-element_type=\"widget\" data-widget_type=\"eael-creative-button.default\">\n\t\t\t\t\t        <div class=\"eael-creative-button-wrapper\">\n\n            <a class=\"eael-creative-button eael-creative-button--ujarak\" href=\"#\" data-text=\"Quiero Ayudar\">\n            \t    \n                <div class=\"creative-button-inner\">\n\n                    \n                    <span class=\"cretive-button-text\">Quiero ser embajador<\/span>\n\n                                            <span class=\"eael-creative-button-icon-right\"><svg aria-hidden=\"true\" class=\"e-font-icon-svg e-fas-chevron-circle-right\" viewBox=\"0 0 512 512\" xmlns=\"http:\/\/www.w3.org\/2000\/svg\"><path d=\"M256 8c137 0 248 111 248 248S393 504 256 504 8 393 8 256 119 8 256 8zm113.9 231L234.4 103.5c-9.4-9.4-24.6-9.4-33.9 0l-17 17c-9.4 9.4-9.4 24.6 0 33.9L285.1 256 183.5 357.6c-9.4 9.4-9.4 24.6 0 33.9l17 17c9.4 9.4 24.6 9.4 33.9 0L369.9 273c9.4-9.4 9.4-24.6 0-34z\"><\/path><\/svg><\/span>                                    <\/div>\n\t                        <\/a>\n        <\/div>\n        \t\t\t\t<\/div>\n\t\t\t\t<\/div>\n\t\t<div data-particle_enable=\"false\" data-particle-mobile-disabled=\"false\" class=\"elementor-element elementor-element-3ae65da e-con-full e-flex e-con e-child\" data-id=\"3ae65da\" data-element_type=\"container\">\n\t\t<div data-particle_enable=\"false\" data-particle-mobile-disabled=\"false\" class=\"elementor-element elementor-element-ca54775 e-con-full e-flex e-con e-child\" data-id=\"ca54775\" data-element_type=\"container\">\n\t\t\t\t<div data-dce-advanced-background-color=\"#0B5F0BBF\" class=\"elementor-element elementor-element-67f4952 elementor-widget__width-initial elementor-widget elementor-widget-counter\" data-id=\"67f4952\" data-element_type=\"widget\" data-widget_type=\"counter.default\">\n\t\t\t\t\t\t\t<div class=\"elementor-counter\">\n\t\t\t<p class=\"elementor-counter-title\">ESTADOS<\/p>\t\t\t<div class=\"elementor-counter-number-wrapper\">\n\t\t\t\t<span class=\"elementor-counter-number-prefix\"><\/span>\n\t\t\t\t<span class=\"elementor-counter-number\" data-duration=\"2000\" data-to-value=\"32\" data-from-value=\"0\" data-delimiter=\",\">0<\/span>\n\t\t\t\t<span class=\"elementor-counter-number-suffix\"><\/span>\n\t\t\t<\/div>\n\t\t<\/div>\n\t\t\t\t\t\t<\/div>\n\t\t\t\t<\/div>\n\t\t<div data-particle_enable=\"false\" data-particle-mobile-disabled=\"false\" class=\"elementor-element elementor-element-6a05878 e-con-full e-flex e-con e-child\" data-id=\"6a05878\" data-element_type=\"container\">\n\t\t<div data-particle_enable=\"false\" data-particle-mobile-disabled=\"false\" class=\"elementor-element elementor-element-6c86c0c e-con-full e-flex e-con e-child\" data-id=\"6c86c0c\" data-element_type=\"container\">\n\t\t\t\t<div data-dce-advanced-background-color=\"#0B5F0BBF\" class=\"elementor-element elementor-element-3ccd3e7 elementor-widget__width-initial elementor-widget elementor-widget-counter\" data-id=\"3ccd3e7\" data-element_type=\"widget\" data-widget_type=\"counter.default\">\n\t\t\t\t\t\t\t<div class=\"elementor-counter\">\n\t\t\t<p class=\"elementor-counter-title\">COMUNIDADES<\/p>\t\t\t<div class=\"elementor-counter-number-wrapper\">\n\t\t\t\t<span class=\"elementor-counter-number-prefix\"><\/span>\n\t\t\t\t<span class=\"elementor-counter-number\" data-duration=\"2000\" data-to-value=\"250\" data-from-value=\"0\" data-delimiter=\",\">0<\/span>\n\t\t\t\t<span class=\"elementor-counter-number-suffix\"><\/span>\n\t\t\t<\/div>\n\t\t<\/div>\n\t\t\t\t\t\t<\/div>\n\t\t\t\t<\/div>\n\t\t\t\t<\/div>\n\t\t<div data-particle_enable=\"false\" data-particle-mobile-disabled=\"false\" class=\"elementor-element elementor-element-1d70f89 e-con-full e-flex e-con e-child\" data-id=\"1d70f89\" data-element_type=\"container\">\n\t\t\t\t<div data-dce-advanced-background-color=\"#0B5F0BBF\" class=\"elementor-element elementor-element-6ab6109 elementor-widget__width-initial elementor-widget elementor-widget-counter\" data-id=\"6ab6109\" data-element_type=\"widget\" data-widget_type=\"counter.default\">\n\t\t\t\t\t\t\t<div class=\"elementor-counter\">\n\t\t\t<p class=\"elementor-counter-title\">EMBAJADORES<\/p>\t\t\t<div class=\"elementor-counter-number-wrapper\">\n\t\t\t\t<span class=\"elementor-counter-number-prefix\">+ <\/span>\n\t\t\t\t<span class=\"elementor-counter-number\" data-duration=\"2000\" data-to-value=\"550\" data-from-value=\"0\" data-delimiter=\",\">0<\/span>\n\t\t\t\t<span class=\"elementor-counter-number-suffix\"><\/span>\n\t\t\t<\/div>\n\t\t<\/div>\n\t\t\t\t\t\t<\/div>\n\t\t\t\t<\/div>\n\t\t\t\t<\/div>\n\t\t\t\t<\/div>\n\t\t\t\t\t<\/div>\n\t\t\t\t<\/div>\n\t\t\t\t<\/div>\n\t\t","protected":false},"excerpt":{"rendered":"<p>Inicio \u2022 Eventos APOYA LA CAUSA Calendario de Eventos Participa en nuestros eventos y ay\u00fadanos. Aqu\u00ed encontrar\u00e1s fechas clave, campa\u00f1as y eventos que nos ayudan a<span class=\"excerpt-hellip\"> [\u2026]<\/span><\/p>\n","protected":false},"author":1,"featured_media":0,"parent":0,"menu_order":0,"comment_status":"closed","ping_status":"closed","template":"","meta":{"footnotes":""},"class_list":["post-271","page","type-page","status-publish","hentry"],"_links":{"self":[{"href":"https:\/\/proyectos.cactusdigital.mx\/abac\/wp-json\/wp\/v2\/pages\/271","targetHints":{"allow":["GET"]}}],"collection":[{"href":"https:\/\/proyectos.cactusdigital.mx\/abac\/wp-json\/wp\/v2\/pages"}],"about":[{"href":"https:\/\/proyectos.cactusdigital.mx\/abac\/wp-json\/wp\/v2\/types\/page"}],"author":[{"embeddable":true,"href":"https:\/\/proyectos.cactusdigital.mx\/abac\/wp-json\/wp\/v2\/users\/1"}],"replies":[{"embeddable":true,"href":"https:\/\/proyectos.cactusdigital.mx\/abac\/wp-json\/wp\/v2\/comments?post=271"}],"version-history":[{"count":30,"href":"https:\/\/proyectos.cactusdigital.mx\/abac\/wp-json\/wp\/v2\/pages\/271\/revisions"}],"predecessor-version":[{"id":1399,"href":"https:\/\/proyectos.cactusdigital.mx\/abac\/wp-json\/wp\/v2\/pages\/271\/revisions\/1399"}],"wp:attachment":[{"href":"https:\/\/proyectos.cactusdigital.mx\/abac\/wp-json\/wp\/v2\/media?parent=271"}],"curies":[{"name":"wp","href":"https:\/\/api.w.org\/{rel}","templated":true}]}}